{"id":2017,"date":"2022-01-17T08:02:23","date_gmt":"2022-01-17T08:02:23","guid":{"rendered":"http:\/\/hvk.gotdns.ch\/?page_id=2017"},"modified":"2026-03-18T14:46:38","modified_gmt":"2026-03-18T14:46:38","slug":"bemutatkozas","status":"publish","type":"page","link":"https:\/\/hmvhelyivizsgakozpont.hu\/index.php\/bemutatkozas\/","title":{"rendered":"Bemutatkoz\u00e1s"},"content":{"rendered":"\t\t<div data-elementor-type=\"wp-page\" data-elementor-id=\"2017\" class=\"elementor elementor-2017\" data-elementor-settings=\"[]\">\n\t\t\t\t\t\t\t<div class=\"elementor-section-wrap\">\n\t\t\t\t\t\t\t<section class=\"elementor-section elementor-top-section elementor-element elementor-element-65206d2 elementor-section-boxed elementor-section-height-default elementor-section-height-default\" data-id=\"65206d2\" data-element_type=\"section\" data-settings=\"{&quot;_ha_eqh_enable&quot;:false}\">\n\t\t\t\t\t\t<div class=\"elementor-container elementor-column-gap-default\">\n\t\t\t\t\t<div class=\"elementor-column elementor-col-100 elementor-top-column elementor-element elementor-element-1e5d9b1\" data-id=\"1e5d9b1\" data-element_type=\"column\">\n\t\t\t<div class=\"elementor-widget-wrap elementor-element-populated\">\n\t\t\t\t\t\t\t\t<div class=\"elementor-element elementor-element-60ddf5c elementor-widget elementor-widget-heading\" data-id=\"60ddf5c\" data-element_type=\"widget\" data-widget_type=\"heading.default\">\n\t\t\t\t<div class=\"elementor-widget-container\">\n\t\t\t<style>\/*! elementor - v3.5.3 - 28-12-2021 *\/\n.elementor-heading-title{padding:0;margin:0;line-height:1}.elementor-widget-heading .elementor-heading-title[class*=elementor-size-]>a{color:inherit;font-size:inherit;line-height:inherit}.elementor-widget-heading .elementor-heading-title.elementor-size-small{font-size:15px}.elementor-widget-heading .elementor-heading-title.elementor-size-medium{font-size:19px}.elementor-widget-heading .elementor-heading-title.elementor-size-large{font-size:29px}.elementor-widget-heading .elementor-heading-title.elementor-size-xl{font-size:39px}.elementor-widget-heading .elementor-heading-title.elementor-size-xxl{font-size:59px}<\/style><h2 class=\"elementor-heading-title elementor-size-default\">Min\u0151s\u00e9gpolitika<\/h2>\t\t<\/div>\n\t\t\t\t<\/div>\n\t\t\t\t<div class=\"elementor-element elementor-element-acf14da elementor-widget elementor-widget-text-editor\" data-id=\"acf14da\" data-element_type=\"widget\" data-widget_type=\"text-editor.default\">\n\t\t\t\t<div class=\"elementor-widget-container\">\n\t\t\t<style>\/*! elementor - v3.5.3 - 28-12-2021 *\/\n.elementor-widget-text-editor.elementor-drop-cap-view-stacked .elementor-drop-cap{background-color:#818a91;color:#fff}.elementor-widget-text-editor.elementor-drop-cap-view-framed .elementor-drop-cap{color:#818a91;border:3px solid;background-color:transparent}.elementor-widget-text-editor:not(.elementor-drop-cap-view-default) .elementor-drop-cap{margin-top:8px}.elementor-widget-text-editor:not(.elementor-drop-cap-view-default) .elementor-drop-cap-letter{width:1em;height:1em}.elementor-widget-text-editor .elementor-drop-cap{float:left;text-align:center;line-height:1;font-size:50px}.elementor-widget-text-editor .elementor-drop-cap-letter{display:inline-block}<\/style>\t\t\t\t<div>Vizsgak\u00f6zpontunk az \u00faj szakk\u00e9pz\u00e9si rendszer jogszab\u00e1lyaiban meghat\u00e1rozott akkredit\u00e1lt vizsg\u00e1ztat\u00e1si tev\u00e9kenys\u00e9get folytat.<\/div><div>C\u00e9lunk, hogy a piaci \u00e9s a gazdas\u00e1gi szerepl\u0151k r\u00e9sz\u00e9r\u0151l felmer\u00fcl\u0151 ig\u00e9nyekre gyorsan \u00e9s rugalmasan reag\u00e1lva, professzion\u00e1lis vizsgaszervez\u00e9ssel \u00e9s lebonyol\u00edt\u00e1ssal min\u00e9l t\u00f6bb vizsg\u00e1ra jelentkez\u0151 sz\u00e1m\u00e1ra lehet\u0151v\u00e9 tegy\u00fck a v\u00e1lasztott szakmai v\u00e9gzetts\u00e9g megszerz\u00e9s\u00e9t, seg\u00edtve \u0151ket c\u00e9ljaik el\u00e9r\u00e9s\u00e9ben \u00e9s munkaer\u0151 piaci lehet\u0151s\u00e9geik b\u0151v\u00edt\u00e9s\u00e9ben.<\/div><div>T\u00f6reksz\u00fcnk a vizsg\u00e1ra jelentkez\u0151k \u00e9s partnereink r\u00e9szletes t\u00e1j\u00e9koztat\u00e1s\u00e1ra, szolg\u00e1ltat\u00e1saink \u00e1tl\u00e1that\u00f3s\u00e1g\u00e1ra, az esetlegesen felmer\u00fcl\u0151 k\u00e9rd\u00e9sek gyors \u00e9s korrekt megv\u00e1laszol\u00e1s\u00e1ra, hogy seg\u00edts\u00fck a vel\u00fcnk kapcsolatba ker\u00fcl\u0151 vizsg\u00e1ra jelentkez\u0151k, partnerek d\u00f6nt\u00e9seit \u00e9s munk\u00e1j\u00e1t.<\/div><div>Hissz\u00fck, hogy a sikeres m\u0171k\u00f6d\u00e9s z\u00e1loga a min\u0151s\u00e9gi, p\u00e1rtatlan munkav\u00e9gz\u00e9s, az etikus magatart\u00e1s, amelynek \u00e9rdek\u00e9ben bels\u0151 szab\u00e1lyzatainkban egy\u00e9rtelm\u0171en meghat\u00e1rozzuk a felel\u0151ss\u00e9gi- \u00e9s hat\u00e1sk\u00f6r\u00f6ket. Ezek marad\u00e9ktalan betart\u00e1s\u00e1t munkat\u00e1rsainkt\u00f3l elv\u00e1rjuk.<\/div><div>Elk\u00f6telezettek vagyunk a min\u0151s\u00e9gi munkav\u00e9gz\u00e9s ir\u00e1nt, \u00e9s ennek tudat\u00e1ban:<\/div><div>Kiz\u00e1r\u00f3lag olyan vizsg\u00e1ztat\u00f3kkal dolgozunk egy\u00fctt, akik szakmailag magasan k\u00e9pzettek, tapasztalattal rendelkeznek, elfogadj\u00e1k \u00e9s alkalmazz\u00e1k p\u00e1rtatlans\u00e1gi elveinket.<\/div><div>Kiz\u00e1r\u00f3lag olyan helysz\u00edneken szervez\u00fcnk vizsg\u00e1t, melyek korszer\u0171 infrastrukt\u00far\u00e1val rendelkeznek \u00e9s minden k\u00f6vetelm\u00e9nyt kiel\u00e9g\u00edtve kellemes \u00e9s inspir\u00e1l\u00f3 k\u00f6rnyezetet ny\u00fajtanak a vizsg\u00e1khoz.<\/div><div>Olyan vizsgafeladatokkal \u00e9s \u00e9rt\u00e9kel\u00e9si \u00fatmutat\u00f3kkal dolgozunk, melyek a jogszab\u00e1lyi el\u0151\u00edr\u00e1soknak marad\u00e9ktalanul megfelelnek \u00e9s a szakmai tud\u00e1s\/kompetenci\u00e1k m\u00e9r\u00e9s\u00e9re a lehet\u0151 legobjekt\u00edvabb m\u00f3don alkalmasak.<\/div><div>Minden vizsg\u00e1t szab\u00e1lyainknak megfelel\u0151en bonyol\u00edtunk le.<\/div><div>A min\u0151s\u00e9gpolitik\u00e1ban \u00e9s a vezet\u0151s\u00e9gi \u00e1tvizsg\u00e1l\u00e1sban megfogalmazott c\u00e9lok megval\u00f3s\u00edt\u00e1s\u00e1hoz biztos\u00edtjuk az er\u0151forr\u00e1sokat.<\/div><div>A vizsg\u00e1ztat\u00f3 szakemberek teljes\u00edtm\u00e9ny\u00e9t rendszeresen \u00e9rt\u00e9kelj\u00fck, v\u00e9lem\u00e9ny\u00fcket \u00e9s javaslataikat a vizsg\u00e1ztat\u00e1si folyamat min\u0151s\u00e9g\u00e9nek jav\u00edt\u00e1sa \u00e9rdek\u00e9ben figyelembe vessz\u00fck.<\/div><div>A vizsg\u00e1z\u00f3k el\u00e9gedetts\u00e9g\u00e9t m\u00e9rj\u00fck \u00e9s \u00e9rt\u00e9kelj\u00fck, e felm\u00e9r\u00e9sek eredm\u00e9nyeit szem el\u0151tt tartjuk folyamataink fejleszt\u00e9se sor\u00e1n.<\/div><div>Munkat\u00e1rsainkat (bele\u00e9rtve a vizsg\u00e1ztat\u00f3 szakembereket) rendszeresen k\u00e9pezz\u00fck a min\u0151s\u00e9gi munkav\u00e9gz\u00e9s \u00e9s a p\u00e1rtatlans\u00e1g ir\u00e1nti elk\u00f6telez\u0151d\u00e9s fenntart\u00e1sa, valamint a tev\u00e9kenys\u00e9g\u00fcket \u00e9rint\u0151 v\u00e1ltoz\u00e1sok megismer\u00e9se \u00e9rdek\u00e9ben.<\/div><div>T\u00f6reksz\u00fcnk a projektfeladatok \u00e9rt\u00e9kel\u00e9s\u00e9nek \u00faj, innovat\u00edv m\u00f3dszereinek alkalmaz\u00e1s\u00e1ra, n\u00f6velve ez\u00e1ltal a k\u00e9pz\u00e9sek hat\u00e9konys\u00e1g\u00e1nak.<\/div><div>Munk\u00e1nk sor\u00e1n hozott d\u00f6nt\u00e9seinkben kiemelt szerepet kapnak a t\u00e1rsadalmi felel\u0151ss\u00e9gv\u00e1llal\u00e1s, k\u00f6rnyezet\u00fcnk v\u00e9delme \u00e9s a k\u00fcl\u00f6nb\u00f6z\u0151 \u00e9lethelyzetekb\u0151l ad\u00f3d\u00f3 egy\u00e9ni ig\u00e9nyek kiel\u00e9g\u00edt\u00e9s\u00e9re val\u00f3 t\u00f6rekv\u00e9s.<\/div><div>Fontosnak tartjuk, hogy a vizsg\u00e1ztat\u00e1si folyamatba bevont valamennyi partner\u00fcnk megismerje a H\u00f3dmez\u0151v\u00e1s\u00e1rhelyi Vizsgak\u00f6zpont min\u0151s\u00e9gpolitik\u00e1j\u00e1t, alapvet\u0151 c\u00e9ljainkat, m\u0171k\u00f6d\u00e9si el\u0151\u00edr\u00e1sainkat.<\/div><div>Tev\u00e9kenys\u00e9g\u00fcnkbe bevont partnereinkt\u0151l elv\u00e1rjuk a k\u00f6vetelm\u00e9nyeknek megfelel\u0151 min\u0151s\u00e9gszint folyamatos biztos\u00edt\u00e1s\u00e1t, valamint min\u0151s\u00e9gfejleszt\u0151 javaslatok felvet\u00e9s\u00e9t, elfogad\u00e1s\u00e1t, megval\u00f3s\u00edt\u00e1s\u00e1t.<\/div><div>Vizsgak\u00f6zpontunk min\u0151s\u00e9gir\u00e1ny\u00edt\u00e1si rendszer\u00e9nek folyamatos fejleszt\u00e9s\u00e9vel meg k\u00edv\u00e1n felelni a jogszab\u00e1lyi k\u00f6rnyezetnek \u00e9s az akkredit\u00e1ci\u00f3s k\u00f6vetelm\u00e9nyeinek, ezzel is biztos\u00edtva az akkredit\u00e1ci\u00f3 folyamatos fenntart\u00e1s\u00e1t.<\/div><div>\u00a0<\/div><div>H\u00f3dmez\u0151v\u00e1s\u00e1rhely, 2025.01.02.<\/div><div>\u00a0<\/div><div><b>B\u00f3din\u00e9 G\u00e1l Gy\u00f6ngyi<br \/>vizsgak\u00f6zpont vezet\u0151<\/b><\/div>\t\t\t\t\t\t<\/div>\n\t\t\t\t<\/div>\n\t\t\t\t\t<\/div>\n\t\t<\/div>\n\t\t\t\t\t\t\t<\/div>\n\t\t<\/section>\n\t\t\t\t<section class=\"elementor-section elementor-top-section elementor-element elementor-element-2dc59fc elementor-section-boxed elementor-section-height-default elementor-section-height-default\" data-id=\"2dc59fc\" data-element_type=\"section\" data-settings=\"{&quot;_ha_eqh_enable&quot;:false}\">\n\t\t\t\t\t\t<div class=\"elementor-container elementor-column-gap-default\">\n\t\t\t\t\t<div class=\"elementor-column elementor-col-100 elementor-top-column elementor-element elementor-element-ae8db73\" data-id=\"ae8db73\" data-element_type=\"column\">\n\t\t\t<div class=\"elementor-widget-wrap\">\n\t\t\t\t\t\t\t\t\t<\/div>\n\t\t<\/div>\n\t\t\t\t\t\t\t<\/div>\n\t\t<\/section>\n\t\t\t\t<section class=\"elementor-section elementor-top-section elementor-element elementor-element-58e2c6e elementor-section-boxed elementor-section-height-default elementor-section-height-default\" data-id=\"58e2c6e\" data-element_type=\"section\" data-settings=\"{&quot;_ha_eqh_enable&quot;:false}\">\n\t\t\t\t\t\t<div class=\"elementor-container elementor-column-gap-default\">\n\t\t\t\t\t<div class=\"elementor-column elementor-col-100 elementor-top-column elementor-element elementor-element-16f8f8a\" data-id=\"16f8f8a\" data-element_type=\"column\">\n\t\t\t<div class=\"elementor-widget-wrap elementor-element-populated\">\n\t\t\t\t\t\t\t\t<div class=\"elementor-element elementor-element-5fc688b elementor-widget elementor-widget-heading\" data-id=\"5fc688b\" data-element_type=\"widget\" data-widget_type=\"heading.default\">\n\t\t\t\t<div class=\"elementor-widget-container\">\n\t\t\t<h2 class=\"elementor-heading-title elementor-size-default\">P\u00e1rtatlans\u00e1gi nyilatkozat<\/h2>\t\t<\/div>\n\t\t\t\t<\/div>\n\t\t\t\t<div class=\"elementor-element elementor-element-e8b89d3 elementor-widget elementor-widget-text-editor\" data-id=\"e8b89d3\" data-element_type=\"widget\" data-widget_type=\"text-editor.default\">\n\t\t\t\t<div class=\"elementor-widget-container\">\n\t\t\t\t\t\t\t<div>A H\u00f3dmez\u0151v\u00e1s\u00e1rhelyi Vizsgak\u00f6zpont elk\u00f6telezett a vizsg\u00e1ztat\u00e1si tev\u00e9kenys\u00e9gek p\u00e1rtatlans\u00e1ga ir\u00e1nt.<\/div><div>A Vizsgak\u00f6zpont a szakmai \u00e9s k\u00e9pes\u00edt\u0151 vizsg\u00e1kat \u00fagy szervezi \u00e9s ir\u00e1ny\u00edtja, hogy biztons\u00e1gosan meg lehessen \u0151rizni a p\u00e1rtatlans\u00e1got.<\/div><div>A Vizsgak\u00f6zpont minden esetben p\u00e1rtatlanul j\u00e1r el a vizsg\u00e1ra jelentkez\u0151kkel, vizsg\u00e1z\u00f3kkal \u00e9s a vizsg\u00e1zott szem\u00e9lyekkel kapcsolatban, a Vizsgak\u00f6zpont m\u0171k\u00f6d\u00e9s\u00e9t nem korl\u00e1tozza indokolatlan p\u00e9nz\u00fcgyi vagy m\u00e1s korl\u00e1toz\u00f3 felt\u00e9tel.<\/div><div>A p\u00e1rtatlans\u00e1gi \u00e9s a titoktart\u00e1si nyilatkozatoknak megfelel\u0151en j\u00e1r el minden k\u00f6zrem\u0171k\u00f6d\u0151 a vizsg\u00e1ztat\u00e1s teljes folyamat\u00e1ban.<\/div>\t\t\t\t\t\t<\/div>\n\t\t\t\t<\/div>\n\t\t\t\t\t<\/div>\n\t\t<\/div>\n\t\t\t\t\t\t\t<\/div>\n\t\t<\/section>\n\t\t\t\t<section class=\"elementor-section elementor-top-section elementor-element elementor-element-b37f00c elementor-section-boxed elementor-section-height-default elementor-section-height-default\" data-id=\"b37f00c\" data-element_type=\"section\" data-settings=\"{&quot;_ha_eqh_enable&quot;:false}\">\n\t\t\t\t\t\t<div class=\"elementor-container elementor-column-gap-default\">\n\t\t\t\t\t<div class=\"elementor-column elementor-col-100 elementor-top-column elementor-element elementor-element-0d63456\" data-id=\"0d63456\" data-element_type=\"column\">\n\t\t\t<div class=\"elementor-widget-wrap elementor-element-populated\">\n\t\t\t\t\t\t\t\t<div class=\"elementor-element elementor-element-588d99c elementor-widget elementor-widget-text-editor\" data-id=\"588d99c\" data-element_type=\"widget\" data-widget_type=\"text-editor.default\">\n\t\t\t\t<div class=\"elementor-widget-container\">\n\t\t\t\t\t\t\t<div style=\"text-align: center;\">A vizsgak\u00f6zpont a szakk\u00e9pz\u00e9si feladatell\u00e1t\u00e1sra vonatkoz\u00f3 jogszab\u00e1lyoknak megfelel\u0151en szervezi \u00e9s bonyol\u00edtja le a szakma, r\u00e9szszakma megszerz\u00e9s\u00e9re ir\u00e1nyul\u00f3 szakmai vizsg\u00e1t, illetve a szakmai k\u00e9pz\u00e9shez kapcsol\u00f3d\u00f3an megszerezhet\u0151 szakk\u00e9pes\u00edt\u00e9sre ir\u00e1nyul\u00f3 k\u00e9pes\u00edt\u0151 vizsg\u00e1t.<\/div><div style=\"text-align: center;\">\u00a0<\/div><div style=\"text-align: center;\"><a href=\"https:\/\/njt.hu\/jogszabaly\/2019-80-00-00.27\">2019. \u00e9vi LXXX. t\u00f6rv\u00e9ny a szakk\u00e9pz\u00e9sr\u0151l (a tov\u00e1bbiakban: Szkt.) \u2002<\/a><\/div><div style=\"text-align: center;\"><a href=\"https:\/\/njt.hu\/jogszabaly\/2020-12-20-22.37\">12\/2020 (II.7.) Korm. rendelet a szakk\u00e9pz\u00e9sr\u0151l sz\u00f3l\u00f3 t\u00f6rv\u00e9ny v\u00e9grehajt\u00e1s\u00e1r\u00f3l (a tov\u00e1bbiakban: Szkr.);\u2002<\/a><\/div><div style=\"text-align: center;\">2016. \u00e9vi CL. t\u00f6rv\u00e9ny az \u00e1ltal\u00e1nos k\u00f6zigazgat\u00e1si rendtart\u00e1sr\u00f3l (tov\u00e1bbiakban: \u00c1kr.)<\/div><div style=\"text-align: center;\"><a href=\"https:\/\/njt.hu\/jogszabaly\/2013-77-00-00.35#CI\">2013. \u00e9vi LXXVII. a feln\u0151ttk\u00e9pz\u00e9sr\u0151l sz\u00f3l\u00f3 t\u00f6rv\u00e9ny\u2002<\/a><\/div><div style=\"text-align: center;\"><a href=\"https:\/\/njt.hu\/jogszabaly\/2020-11-20-22.18#CI\">11\/2020. (II. 7.) Korm. rendelet a feln\u0151ttk\u00e9pz\u00e9sr\u0151l sz\u00f3l\u00f3 t\u00f6rv\u00e9ny v\u00e9grehajt\u00e1s\u00e1r\u00f3l\u2002<\/a><\/div><div style=\"text-align: center;\"><a href=\"https:\/\/njt.hu\/jogszabaly\/2011-190-00-00.85#CI\">2011 CXC. t\u00f6rv\u00e9ny a nemzeti k\u00f6znevel\u00e9sr\u0151l<\/a>\u2002<\/div><div style=\"text-align: center;\"><a href=\"https:\/\/njt.hu\/jogszabaly\/2012-20-20-5H.46#CI\">20\/2012. (VIII.31) EMMI rendelet<\/a><\/div><div><div style=\"text-align: center;\">2001. \u00e9vi C. t\u00f6rv\u00e9ny a k\u00fclf\u00f6ldi bizony\u00edtv\u00e1nyok \u00e9s oklevelek elismer\u00e9s\u00e9r\u0151l<\/div><div style=\"text-align: center;\">\u00a0az oktat\u00e1si nyilv\u00e1ntart\u00e1sr\u00f3l sz\u00f3l\u00f3 2018. \u00e9vi LXXXIX. t\u00f6rv\u00e9ny<\/div><div style=\"text-align: center;\">GDPR Az Eur\u00f3pai Parlament \u00e9s a Tan\u00e1cs (Eu) 2016\/679 Rendelete<\/div><div style=\"text-align: center;\">2011. \u00e9vi CXII. t\u00f6rv\u00e9ny az inform\u00e1ci\u00f3s \u00f6nrendelkez\u00e9si jogr\u00f3l \u00e9s az inform\u00e1ci\u00f3szabads\u00e1gr\u00f3l<\/div><div style=\"text-align: center;\">\u00c1kr. &#8211; 2016. \u00e9vi CL. t\u00f6rv\u00e9ny az \u00e1ltal\u00e1nos k\u00f6zigazgat\u00e1si rendtart\u00e1sr\u00f3l sz\u00f3l\u00f3 t\u00f6rv\u00e9ny<\/div><div style=\"text-align: center;\">1993. \u00e9vi XCIII. t\u00f6rv\u00e9ny a munkav\u00e9delemr\u0151l<\/div><div style=\"text-align: center;\">1995. \u00e9vi LXVI. t\u00f6rv\u00e9ny a k\u00f6ziratokr\u00f3l, a k\u00f6zlev\u00e9lt\u00e1rakr\u00f3l \u00e9s a mag\u00e1nlev\u00e9lt\u00e1ri anyag v\u00e9delm\u00e9r\u0151l (Lev\u00e9lt\u00e1ri t\u00f6rv\u00e9ny)<\/div><div style=\"text-align: center;\">335\/2005 .(XII 29.) Korm. rendelet a k\u00f6zfeladatot ell\u00e1t\u00f3 szervek iratkezel\u00e9s\u00e9nek \u00e1ltal\u00e1nos k\u00f6vetelm\u00e9nyeir\u0151l<\/div><div style=\"text-align: center;\">\u00a0<\/div><div style=\"text-align: center;\">Tov\u00e1bbi k\u00fcls\u0151 szervezetek jogszab\u00e1lyai, amelyek a vizsgak\u00f6zpont m\u0171k\u00f6d\u00e9s\u00e9hez kapcsol\u00f3dnak, \u00e9s egyedi szab\u00e1lyoz\u00e1sai a vizsg\u00e1ztat\u00e1si ter\u00fcleteken<\/div><\/div>\t\t\t\t\t\t<\/div>\n\t\t\t\t<\/div>\n\t\t\t\t<div class=\"elementor-element elementor-element-32347f6 elementor-widget elementor-widget-shortcode\" data-id=\"32347f6\" data-element_type=\"widget\" data-widget_type=\"shortcode.default\">\n\t\t\t\t<div class=\"elementor-widget-container\">\n\t\t\t\t\t<div class=\"elementor-shortcode\"><div class=\"wpyog-doc-box\">\n<div class=\"wpyog-doc-box-title\"><i class=\"single_doc fa fa-file-pdf-o\"><\/i> <a href=\"https:\/\/hmvhelyivizsgakozpont.hu\/wp-content\/uploads\/2026\/01\/NSZFH_Hatarozat_vizsg_tev_folyt_20251216-1.pdf\" target=\"_blank\">NSZFH Nyilv\u00e1ntart\u00e1sbav\u00e9teli Hat\u00e1rozat<\/a><\/div>\n<\/p><\/div>\n\n<\/div>\n\t\t\t\t<\/div>\n\t\t\t\t<\/div>\n\t\t\t\t\t<\/div>\n\t\t<\/div>\n\t\t\t\t\t\t\t<\/div>\n\t\t<\/section>\n\t\t\t\t\t\t<\/div>\n\t\t\t\t\t<\/div>\n\t\t","protected":false},"excerpt":{"rendered":"<p>Min\u0151s\u00e9gpolitika Vizsgak\u00f6zpontunk az \u00faj szakk\u00e9pz\u00e9si rendszer jogszab\u00e1lyaiban meghat\u00e1rozott akkredit\u00e1lt vizsg\u00e1ztat\u00e1si tev\u00e9kenys\u00e9get folytat.C\u00e9lunk, hogy a piaci \u00e9s a gazdas\u00e1gi szerepl\u0151k r\u00e9sz\u00e9r\u0151l<\/p>\n","protected":false},"author":2,"featured_media":0,"parent":0,"menu_order":0,"comment_status":"closed","ping_status":"closed","template":"","meta":[],"_links":{"self":[{"href":"https:\/\/hmvhelyivizsgakozpont.hu\/index.php\/wp-json\/wp\/v2\/pages\/2017"}],"collection":[{"href":"https:\/\/hmvhelyivizsgakozpont.hu\/index.php\/wp-json\/wp\/v2\/pages"}],"about":[{"href":"https:\/\/hmvhelyivizsgakozpont.hu\/index.php\/wp-json\/wp\/v2\/types\/page"}],"author":[{"embeddable":true,"href":"https:\/\/hmvhelyivizsgakozpont.hu\/index.php\/wp-json\/wp\/v2\/users\/2"}],"replies":[{"embeddable":true,"href":"https:\/\/hmvhelyivizsgakozpont.hu\/index.php\/wp-json\/wp\/v2\/comments?post=2017"}],"version-history":[{"count":62,"href":"https:\/\/hmvhelyivizsgakozpont.hu\/index.php\/wp-json\/wp\/v2\/pages\/2017\/revisions"}],"predecessor-version":[{"id":4616,"href":"https:\/\/hmvhelyivizsgakozpont.hu\/index.php\/wp-json\/wp\/v2\/pages\/2017\/revisions\/4616"}],"wp:attachment":[{"href":"https:\/\/hmvhelyivizsgakozpont.hu\/index.php\/wp-json\/wp\/v2\/media?parent=2017"}],"curies":[{"name":"wp","href":"https:\/\/api.w.org\/{rel}","templated":true}]}}