{"id":2026,"date":"2022-01-17T08:03:51","date_gmt":"2022-01-17T08:03:51","guid":{"rendered":"http:\/\/hvk.gotdns.ch\/?page_id=2026"},"modified":"2025-10-09T07:10:49","modified_gmt":"2025-10-09T07:10:49","slug":"vizsgaztatoknak-es-szakertoknek","status":"publish","type":"page","link":"https:\/\/hmvhelyivizsgakozpont.hu\/index.php\/vizsgaztatoknak-es-szakertoknek\/","title":{"rendered":"Vizsg\u00e1ztat\u00f3knak \u00e9s szak\u00e9rt\u0151knek"},"content":{"rendered":"\t\t<div data-elementor-type=\"wp-page\" data-elementor-id=\"2026\" class=\"elementor elementor-2026\" data-elementor-settings=\"[]\">\n\t\t\t\t\t\t\t<div class=\"elementor-section-wrap\">\n\t\t\t\t\t\t\t<section class=\"elementor-section elementor-top-section elementor-element elementor-element-fd8d0c7 elementor-section-boxed elementor-section-height-default elementor-section-height-default\" data-id=\"fd8d0c7\" data-element_type=\"section\" data-settings=\"{&quot;_ha_eqh_enable&quot;:false}\">\n\t\t\t\t\t\t<div class=\"elementor-container elementor-column-gap-default\">\n\t\t\t\t\t<div class=\"elementor-column elementor-col-100 elementor-top-column elementor-element elementor-element-445c44e\" data-id=\"445c44e\" data-element_type=\"column\">\n\t\t\t<div class=\"elementor-widget-wrap elementor-element-populated\">\n\t\t\t\t\t\t\t\t<div class=\"elementor-element elementor-element-5ad33a2 eael-flipbox-content-align-center elementor-widget elementor-widget-eael-flip-box\" data-id=\"5ad33a2\" data-element_type=\"widget\" data-widget_type=\"eael-flip-box.default\">\n\t\t\t\t<div class=\"elementor-widget-container\">\n\t\t\t\n        <div class=\"eael-elements-flip-box-container eael-animate-flip eael-animate-zoom-out eael-content\">\n\n            <a class=\"eael-elements-flip-box-flip-card\" href=\"https:\/\/hmvhelyivizsgakozpont.hu\/index.php\/felhivas-es-tajekoztato-szakertoi-nevjegyzekbe-torteno-jelentkezeshez\/\">\n                <div class=\"eael-elements-flip-box-front-container\">\n\n                    \n                        <div class=\"eael-elements-slider-display-table\">\n                            <div class=\"eael-elements-flip-box-vertical-align\">\n                                <div class=\"eael-elements-flip-box-padding\">\n                                    <div class=\"eael-elements-flip-box-icon-image\">\n                                                                                                                                                                        <\/div>\n                                    <h3 class=\"eael-elements-flip-box-heading\">Vizsgabizotts\u00e1gnak, Feladatfejleszt\u0151knek<\/h3>\n                                    <div class=\"eael-elements-flip-box-content\">\n                                        <p><\/p>\n                                    <\/div>\n                                <\/div>\n                            <\/div>\n                        <\/div>\n                                    <\/div>\n\n                <div class=\"eael-elements-flip-box-rear-container\">\n\n                                            <div class=\"eael-elements-slider-display-table\">\n                            <div class=\"eael-elements-flip-box-vertical-align\">\n                                <div class=\"eael-elements-flip-box-padding\">\n                                                                            <div class=\"eael-elements-flip-box-icon-image\">\n                                                                                            <\/div>\n                                    \n                                    <h3 class=\"eael-elements-flip-box-heading\">Vizsgabizotts\u00e1gnak, Feladatfejleszt\u0151knek<\/h3>\n                                    <div class=\"eael-elements-flip-box-content\">\n                                        <p><\/p>\n                                    <\/div>\n\n                                                                    <\/div>\n                            <\/div>\n                        <\/div>\n                                    <\/div>\n            <\/a>\n        <\/div>\n\n\t\t<\/div>\n\t\t\t\t<\/div>\n\t\t\t\t\t<\/div>\n\t\t<\/div>\n\t\t\t\t\t\t\t<\/div>\n\t\t<\/section>\n\t\t\t\t<section class=\"elementor-section elementor-top-section elementor-element elementor-element-20e7edd elementor-section-boxed elementor-section-height-default elementor-section-height-default\" data-id=\"20e7edd\" data-element_type=\"section\" data-settings=\"{&quot;_ha_eqh_enable&quot;:false}\">\n\t\t\t\t\t\t<div class=\"elementor-container elementor-column-gap-default\">\n\t\t\t\t\t<div class=\"elementor-column elementor-col-100 elementor-top-column elementor-element elementor-element-5ce0baa\" data-id=\"5ce0baa\" data-element_type=\"column\">\n\t\t\t<div class=\"elementor-widget-wrap elementor-element-populated\">\n\t\t\t\t\t\t\t\t<div class=\"elementor-element elementor-element-eac329e eael-flipbox-content-align-center elementor-widget elementor-widget-eael-flip-box\" data-id=\"eac329e\" data-element_type=\"widget\" data-widget_type=\"eael-flip-box.default\">\n\t\t\t\t<div class=\"elementor-widget-container\">\n\t\t\t\n        <div class=\"eael-elements-flip-box-container eael-animate-flip eael-animate-zoom-out eael-content\">\n\n            <a class=\"eael-elements-flip-box-flip-card\" href=\"https:\/\/hmvhelyivizsgakozpont.hu\/index.php\/jegyzoknek\/\">\n                <div class=\"eael-elements-flip-box-front-container\">\n\n                    \n                        <div class=\"eael-elements-slider-display-table\">\n                            <div class=\"eael-elements-flip-box-vertical-align\">\n                                <div class=\"eael-elements-flip-box-padding\">\n                                    <div class=\"eael-elements-flip-box-icon-image\">\n                                                                                                                                                                        <\/div>\n                                    <h3 class=\"eael-elements-flip-box-heading\">Jegyz\u0151knek<\/h3>\n                                    <div class=\"eael-elements-flip-box-content\">\n                                        <p><\/p>\n                                    <\/div>\n                                <\/div>\n                            <\/div>\n                        <\/div>\n                                    <\/div>\n\n                <div class=\"eael-elements-flip-box-rear-container\">\n\n                                            <div class=\"eael-elements-slider-display-table\">\n                            <div class=\"eael-elements-flip-box-vertical-align\">\n                                <div class=\"eael-elements-flip-box-padding\">\n                                                                            <div class=\"eael-elements-flip-box-icon-image\">\n                                                                                            <\/div>\n                                    \n                                    <h3 class=\"eael-elements-flip-box-heading\">Jegyz\u0151knek<\/h3>\n                                    <div class=\"eael-elements-flip-box-content\">\n                                        <p><\/p>\n                                    <\/div>\n\n                                                                    <\/div>\n                            <\/div>\n                        <\/div>\n                                    <\/div>\n            <\/a>\n        <\/div>\n\n\t\t<\/div>\n\t\t\t\t<\/div>\n\t\t\t\t\t<\/div>\n\t\t<\/div>\n\t\t\t\t\t\t\t<\/div>\n\t\t<\/section>\n\t\t\t\t<section class=\"elementor-section elementor-top-section elementor-element elementor-element-dfe69ef elementor-section-boxed elementor-section-height-default elementor-section-height-default\" data-id=\"dfe69ef\" data-element_type=\"section\" data-settings=\"{&quot;_ha_eqh_enable&quot;:false}\">\n\t\t\t\t\t\t<div class=\"elementor-container elementor-column-gap-default\">\n\t\t\t\t\t<div class=\"elementor-column elementor-col-100 elementor-top-column elementor-element elementor-element-d883829\" data-id=\"d883829\" data-element_type=\"column\">\n\t\t\t<div class=\"elementor-widget-wrap elementor-element-populated\">\n\t\t\t\t\t\t\t\t<div class=\"elementor-element elementor-element-28eb462 eael-flipbox-content-align-center elementor-widget elementor-widget-eael-flip-box\" data-id=\"28eb462\" data-element_type=\"widget\" data-widget_type=\"eael-flip-box.default\">\n\t\t\t\t<div class=\"elementor-widget-container\">\n\t\t\t\n        <div class=\"eael-elements-flip-box-container eael-animate-flip eael-animate-zoom-out eael-content\">\n\n            <a class=\"eael-elements-flip-box-flip-card\" href=\"https:\/\/hmvhelyivizsgakozpont.hu\/?page_id=2736\">\n                <div class=\"eael-elements-flip-box-front-container\">\n\n                    \n                        <div class=\"eael-elements-slider-display-table\">\n                            <div class=\"eael-elements-flip-box-vertical-align\">\n                                <div class=\"eael-elements-flip-box-padding\">\n                                    <div class=\"eael-elements-flip-box-icon-image\">\n                                                                                                                                                                        <\/div>\n                                    <h3 class=\"eael-elements-flip-box-heading\">SZAKM\u00c1K, SZAKK\u00c9PES\u00cdT\u00c9SEK K\u00d6VETELM\u00c9NYEI<\/h3>\n                                    <div class=\"eael-elements-flip-box-content\">\n                                        <p><\/p>\n                                    <\/div>\n                                <\/div>\n                            <\/div>\n                        <\/div>\n                                    <\/div>\n\n                <div class=\"eael-elements-flip-box-rear-container\">\n\n                                            <div class=\"eael-elements-slider-display-table\">\n                            <div class=\"eael-elements-flip-box-vertical-align\">\n                                <div class=\"eael-elements-flip-box-padding\">\n                                                                            <div class=\"eael-elements-flip-box-icon-image\">\n                                                                                            <\/div>\n                                    \n                                    <h3 class=\"eael-elements-flip-box-heading\">SZAKM\u00c1K, SZAKK\u00c9PES\u00cdT\u00c9SEK K\u00d6VETELM\u00c9NYEI<\/h3>\n                                    <div class=\"eael-elements-flip-box-content\">\n                                        <p><\/p>\n                                    <\/div>\n\n                                                                    <\/div>\n                            <\/div>\n                        <\/div>\n                                    <\/div>\n            <\/a>\n        <\/div>\n\n\t\t<\/div>\n\t\t\t\t<\/div>\n\t\t\t\t\t<\/div>\n\t\t<\/div>\n\t\t\t\t\t\t\t<\/div>\n\t\t<\/section>\n\t\t\t\t<section class=\"elementor-section elementor-top-section elementor-element elementor-element-c83b42e elementor-section-boxed elementor-section-height-default elementor-section-height-default\" data-id=\"c83b42e\" data-element_type=\"section\" data-settings=\"{&quot;_ha_eqh_enable&quot;:false}\">\n\t\t\t\t\t\t<div class=\"elementor-container elementor-column-gap-default\">\n\t\t\t\t\t<div class=\"elementor-column elementor-col-100 elementor-top-column elementor-element elementor-element-6cc7578\" data-id=\"6cc7578\" data-element_type=\"column\">\n\t\t\t<div class=\"elementor-widget-wrap elementor-element-populated\">\n\t\t\t\t\t\t\t\t<div class=\"elementor-element elementor-element-3a8d553 elementor-widget elementor-widget-text-editor\" data-id=\"3a8d553\" data-element_type=\"widget\" data-widget_type=\"text-editor.default\">\n\t\t\t\t<div class=\"elementor-widget-container\">\n\t\t\t<style>\/*! elementor - v3.5.3 - 28-12-2021 *\/\n.elementor-widget-text-editor.elementor-drop-cap-view-stacked .elementor-drop-cap{background-color:#818a91;color:#fff}.elementor-widget-text-editor.elementor-drop-cap-view-framed .elementor-drop-cap{color:#818a91;border:3px solid;background-color:transparent}.elementor-widget-text-editor:not(.elementor-drop-cap-view-default) .elementor-drop-cap{margin-top:8px}.elementor-widget-text-editor:not(.elementor-drop-cap-view-default) .elementor-drop-cap-letter{width:1em;height:1em}.elementor-widget-text-editor .elementor-drop-cap{float:left;text-align:center;line-height:1;font-size:50px}.elementor-widget-text-editor .elementor-drop-cap-letter{display:inline-block}<\/style>\t\t\t\t\t\t\t\t\t\t<\/div>\n\t\t\t\t<\/div>\n\t\t\t\t\t<\/div>\n\t\t<\/div>\n\t\t\t\t\t\t\t<\/div>\n\t\t<\/section>\n\t\t\t\t\t\t<\/div>\n\t\t\t\t\t<\/div>\n\t\t","protected":false},"excerpt":{"rendered":"<p>Vizsgabizotts\u00e1gnak, Feladatfejleszt\u0151knek Vizsgabizotts\u00e1gnak, Feladatfejleszt\u0151knek Jegyz\u0151knek Jegyz\u0151knek SZAKM\u00c1K, SZAKK\u00c9PES\u00cdT\u00c9SEK K\u00d6VETELM\u00c9NYEI SZAKM\u00c1K, SZAKK\u00c9PES\u00cdT\u00c9SEK K\u00d6VETELM\u00c9NYEI<\/p>\n","protected":false},"author":2,"featured_media":0,"parent":0,"menu_order":0,"comment_status":"closed","ping_status":"closed","template":"","meta":[],"_links":{"self":[{"href":"https:\/\/hmvhelyivizsgakozpont.hu\/index.php\/wp-json\/wp\/v2\/pages\/2026"}],"collection":[{"href":"https:\/\/hmvhelyivizsgakozpont.hu\/index.php\/wp-json\/wp\/v2\/pages"}],"about":[{"href":"https:\/\/hmvhelyivizsgakozpont.hu\/index.php\/wp-json\/wp\/v2\/types\/page"}],"author":[{"embeddable":true,"href":"https:\/\/hmvhelyivizsgakozpont.hu\/index.php\/wp-json\/wp\/v2\/users\/2"}],"replies":[{"embeddable":true,"href":"https:\/\/hmvhelyivizsgakozpont.hu\/index.php\/wp-json\/wp\/v2\/comments?post=2026"}],"version-history":[{"count":56,"href":"https:\/\/hmvhelyivizsgakozpont.hu\/index.php\/wp-json\/wp\/v2\/pages\/2026\/revisions"}],"predecessor-version":[{"id":4469,"href":"https:\/\/hmvhelyivizsgakozpont.hu\/index.php\/wp-json\/wp\/v2\/pages\/2026\/revisions\/4469"}],"wp:attachment":[{"href":"https:\/\/hmvhelyivizsgakozpont.hu\/index.php\/wp-json\/wp\/v2\/media?parent=2026"}],"curies":[{"name":"wp","href":"https:\/\/api.w.org\/{rel}","templated":true}]}}