{"id":2038,"date":"2022-01-17T08:05:28","date_gmt":"2022-01-17T08:05:28","guid":{"rendered":"http:\/\/hvk.gotdns.ch\/?page_id=2038"},"modified":"2026-02-04T07:06:44","modified_gmt":"2026-02-04T07:06:44","slug":"jegyzoknek","status":"publish","type":"page","link":"https:\/\/hmvhelyivizsgakozpont.hu\/index.php\/jegyzoknek\/","title":{"rendered":"Jegyz\u0151knek"},"content":{"rendered":"\t\t<div data-elementor-type=\"wp-page\" data-elementor-id=\"2038\" class=\"elementor elementor-2038\" data-elementor-settings=\"[]\">\n\t\t\t\t\t\t\t<div class=\"elementor-section-wrap\">\n\t\t\t\t\t\t\t<section class=\"elementor-section elementor-top-section elementor-element elementor-element-114a158 elementor-section-boxed elementor-section-height-default elementor-section-height-default\" data-id=\"114a158\" data-element_type=\"section\" data-settings=\"{&quot;_ha_eqh_enable&quot;:false}\">\n\t\t\t\t\t\t<div class=\"elementor-container elementor-column-gap-default\">\n\t\t\t\t\t<div class=\"elementor-column elementor-col-100 elementor-top-column elementor-element elementor-element-d2bf756\" data-id=\"d2bf756\" data-element_type=\"column\">\n\t\t\t<div class=\"elementor-widget-wrap elementor-element-populated\">\n\t\t\t\t\t\t\t\t<div class=\"elementor-element elementor-element-7a6fdbe elementor-widget elementor-widget-text-editor\" data-id=\"7a6fdbe\" data-element_type=\"widget\" data-widget_type=\"text-editor.default\">\n\t\t\t\t<div class=\"elementor-widget-container\">\n\t\t\t<style>\/*! elementor - v3.5.3 - 28-12-2021 *\/\n.elementor-widget-text-editor.elementor-drop-cap-view-stacked .elementor-drop-cap{background-color:#818a91;color:#fff}.elementor-widget-text-editor.elementor-drop-cap-view-framed .elementor-drop-cap{color:#818a91;border:3px solid;background-color:transparent}.elementor-widget-text-editor:not(.elementor-drop-cap-view-default) .elementor-drop-cap{margin-top:8px}.elementor-widget-text-editor:not(.elementor-drop-cap-view-default) .elementor-drop-cap-letter{width:1em;height:1em}.elementor-widget-text-editor .elementor-drop-cap{float:left;text-align:center;line-height:1;font-size:50px}.elementor-widget-text-editor .elementor-drop-cap-letter{display:inline-block}<\/style>\t\t\t\t<div style=\"text-align: center;\"><strong>P\u00c1LY\u00c1ZATI FELH\u00cdV\u00c1S<\/strong><\/div><div>Jegyz\u0151i n\u00e9vjegyz\u00e9k\u00e9be t\u00f6rt\u00e9n\u0151 regisztr\u00e1ci\u00f3hoz<\/div><div>A H\u00f3dmez\u0151v\u00e1s\u00e1rhelyi Vizsgak\u00f6zpont a szakk\u00e9pz\u00e9si t\u00f6rv\u00e9nyben meghat\u00e1rozott tev\u00e9kenys\u00e9g\u00e9hez jegyz\u0151i feladatok ell\u00e1t\u00e1s\u00e1ra p\u00e1ly\u00e1zatot \u00edr ki.<\/div><div>A 12\/2020. (II. 7.) Korm. rendelet a szakk\u00e9pz\u00e9sr\u0151l sz\u00f3l\u00f3 t\u00f6rv\u00e9ny v\u00e9grehajt\u00e1s\u00e1r\u00f3l (a tov\u00e1bbiakban: Szkr.)<\/div><div>268. \u00a7 1. pontja szerint az akkredit\u00e1lt vizsgak\u00f6zpont jel\u00f6li ki a szakmai vizsga jegyz\u0151j\u00e9t.<\/div><div>Jelen p\u00e1ly\u00e1zat a vizsg\u00e1k tekintet\u00e9ben az al\u00e1bbi feladat ell\u00e1t\u00e1s\u00e1ra ker\u00fcl ki\u00edr\u00e1sra:<\/div><div>\u2022 jegyz\u0151i feladat<\/div><div>274. \u00a7 A szakmai vizsga jegyz\u0151je a szakmai vizsga el\u0151k\u00e9sz\u00edt\u00e9s\u00e9vel, lefolytat\u00e1s\u00e1val \u00e9s lez\u00e1r\u00e1s\u00e1val kapcsolatos \u00edr\u00e1sbeli, dokument\u00e1l\u00e1si feladatokat l\u00e1tja el. E feladatk\u00f6r\u00e9ben<\/div><div>1. vezeti a vizsgajegyz\u0151k\u00f6nyvet,<\/div><div>2. \u00f6sszes\u00edti a szakmai vizsga r\u00e9szeredm\u00e9nyeit,<\/div><div>3. kit\u00f6lti \u00e9s vezeti a vizsgat\u00f6rzslapot,<\/div><div>4. kit\u00f6lti az oklevelet, illetve a szakmai bizony\u00edtv\u00e1nyt,<\/div><div>5. elv\u00e9gzi a szakmai vizsg\u00e1val kapcsolatos egy\u00e9b adminisztrat\u00edv teend\u0151ket,<\/div><div>6. felel\u0151s a vizsgat\u00f6rzslap \u00e9s az oklev\u00e9l, illetve a szakmai bizony\u00edtv\u00e1ny adatainak \u00f6sszeolvas\u00e1s\u00e1\u00e9rt, egyez\u00e9s\u00e9\u00e9rt,<\/div><div>7. gondoskodik a szakmai vizsga lez\u00e1r\u00e1s\u00e1t k\u00f6vet\u0151en a szakmai vizsga dokumentumainak a vizsgabizotts\u00e1g \u00e1ltal t\u00f6rt\u00e9n\u0151 hiteles\u00edt\u00e9s\u00e9r\u0151l, valamint<\/div><div>8. gondoskodik a szakmai vizsga lez\u00e1r\u00e1s\u00e1t k\u00f6vet\u0151en az elektronikus adatszolg\u00e1ltat\u00e1si k\u00f6telezetts\u00e9g teljes\u00edt\u00e9s\u00e9r\u0151l.<\/div><div>275. \u00a7 *\u00a0 Az akkredit\u00e1lt szakk\u00e9pz\u00e9si vizsgak\u00f6zpontot, a vizsgafel\u00fcgyel\u0151t, a vizsgabizotts\u00e1g tagjait \u00e9s a szakmai vizsga jegyz\u0151j\u00e9t a vizsgaeredm\u00e9nyek tekintet\u00e9ben azok kihirdet\u00e9s\u00e9ig titoktart\u00e1si k\u00f6telezetts\u00e9g terheli. (Szkr)<\/div><div>A vizsgak\u00f6zpont a jegyz\u0151t a Vizsgak\u00f6zpont helysz\u00edni k\u00e9pviselet\u00e9vel is megb\u00edzhatja. Ezen megb\u00edz\u00e1s alapj\u00e1n a jegyz\u0151 a szakmai vizsg\u00e1n bet\u00f6lt\u00f6tt jegyz\u0151i feladatai mellett a vizsga helysz\u00edn\u00e9n, a vizsg\u00e1ztat\u00e1si folyamat megfigyel\u00e9s\u00e9t is v\u00e9gzi. A megfigyel\u00e9s kiemelt ter\u00fclete a jegyz\u0151 \u00e1ltal megismert, a vizsgak\u00f6zpont bels\u0151 szab\u00e1lyzataiban r\u00f6gz\u00edtett el\u0151\u00edr\u00e1sok betart\u00e1sa.<\/div><div>A megb\u00edz\u00e1s alapja, a jegyz\u0151 az el\u0151\u00edr\u00e1soknak megfelel\u0151 kompetenci\u00e1kkal val\u00f3 rendelkez\u00e9s, az 1 \u00e9vn\u00e9l nem r\u00e9gebbi, igazolt felk\u00e9sz\u00edt\u00e9ssel val\u00f3 rendelkez\u00e9s.<\/div><div>M\u00e1s vizsgak\u00f6zpont k\u00e9pz\u00e9s\u00e9nek\/felk\u00e9sz\u00edt\u00e9s\u00e9nek sikeres elv\u00e9gz\u00e9s\u00e9r\u0151l sz\u00f3l\u00f3 Tan\u00fas\u00edtv\u00e1ny vagy Igazol\u00e1s elfogadhat\u00f3.<\/div><div>Kiz\u00e1r\u00f3lag a Vizsgak\u00f6zpont k\u00f6vetelm\u00e9nyeit teljes\u00edt\u0151 jel\u00f6lt ker\u00fclhet j\u00f3v\u00e1hagy\u00e1sra a feladatra.<\/div><div><b>b. K\u00e9pes\u00edt\u0151 vizsga eset\u00e9n:<\/b><\/div><div>b. K\u00e9pes\u00edt\u0151 vizsga eset\u00e9n: az a. pontban r\u00e9szletezett szab\u00e1lyoz\u00e1s a k\u00e9pes\u00edt\u0151 vizsg\u00e1k eset\u00e9ben is \u00e9rv\u00e9nyes az al\u00e1bbi kit\u00e9telekkel:<\/div><div>\u00a0&#8211; a szakmai vizsga alatt k\u00e9pes\u00edt\u0151 vizsg\u00e1t kell \u00e9rteni,<\/div><div>&#8211; szakmai bizony\u00edtv\u00e1ny alatt k\u00e9pes\u00edt\u0151 bizony\u00edtv\u00e1nyt kell \u00e9rteni.<\/div><div>\u00a0<\/div><div>Az akkredit\u00e1lt vizsgak\u00f6zpont a jegyz\u0151i n\u00e9vjegyz\u00e9k\u00e9be regisztr\u00e1ltakat az \u00e1ltala szervezett szakmai vizsg\u00e1kra \u00e9s k\u00e9pes\u00edt\u0151 vizsg\u00e1kra vonatkoz\u00f3an b\u00edzhatja meg.<\/div><div>A jegyz\u0151 konkr\u00e9t feladatait a Vizsgak\u00f6zpont jogosult kijel\u00f6lni, mely feladatokr\u00f3l a jegyz\u0151t megb\u00edz\u00f3lev\u00e9lben t\u00e1j\u00e9koztatja. A p\u00e1ly\u00e1zaton t\u00f6rt\u00e9n\u0151 r\u00e9szv\u00e9tel felt\u00e9telei<\/div><div>A p\u00e1ly\u00e1zaton az a szem\u00e9ly vehet r\u00e9szt, aki<\/div><div>\u2022 minimum \u00e9retts\u00e9gi v\u00e9gzetts\u00e9ggel rendelkezik,<\/div><div>\u2022 cselekv\u0151k\u00e9pes,<\/div><div>\u2022 b\u00fcntetlen el\u0151\u00e9let\u0171<\/div><div>\u2022 nem \u00e1ll k\u00f6z\u00fcgyekt\u0151l eltilt\u00e1s hat\u00e1lya alatt,<\/div><div>\u2022 nem \u00e1ll foglalkoz\u00e1st\u00f3l vagy tev\u00e9kenys\u00e9gt\u0151l eltilt\u00e1s hat\u00e1lya alatt,<\/div><div>a p\u00e1ly\u00e1zat elb\u00edr\u00e1l\u00e1s\u00e1n\u00e1l el\u0151nyt jelent:<\/div><div>\u00b7 fels\u0151fok\u00fa v\u00e9gzetts\u00e9g<\/div><div>\u00b7 aj\u00e1nl\u00f3lev\u00e9l a felel\u0151s vezet\u0151t\u0151l, mely kit\u00e9r a jogszab\u00e1lyk\u00f6vet\u00e9s \u00e9s a jogszab\u00e1lyok, egy\u00e9b szab\u00e1lyoz\u00f3 dokumentumok betart\u00e1s\u00e1nak \u00e9s betartat\u00e1s\u00e1nak kompetenci\u00e1j\u00e1ra.<\/div><div>\u00b7\u00a01 \u00e9vn\u00e9l nem r\u00e9gebbi, igazolt felk\u00e9sz\u00edt\u00e9s<\/div><div><b>A p\u00e1ly\u00e1zat beny\u00fajt\u00e1sa<\/b><\/div><div>A p\u00e1ly\u00e1z\u00f3 a JEGYZ\u0150I regisztr\u00e1ci\u00f3s \u0171rlap kit\u00f6lt\u00e9s\u00e9vel p\u00e1ly\u00e1zhat a jegyz\u0151i n\u00e9vjegyz\u00e9kbe t\u00f6rt\u00e9n\u0151 felv\u00e9telre.<\/div><div>A regisztr\u00e1ci\u00f3s \u0171rlap mell\u00e9 k\u00f6telez\u0151en csatoland\u00f3 mell\u00e9kletek:<\/div><div>\u2022 szakmai \u00f6n\u00e9letrajz, mely kit\u00e9r a relev\u00e1ns tapasztalatokra, kompetenci\u00e1kra<\/div><div>\u2022 iskolai v\u00e9gzetts\u00e9get, szakk\u00e9pzetts\u00e9get igazol\u00f3 okiratok,<\/div><div>\u2022 hat\u00f3s\u00e1gi erk\u00f6lcsi bizony\u00edtv\u00e1ny (bemutat\u00e1sa (legk\u00e9s\u0151bb az els\u0151 megb\u00edz\u00e1s al\u00e1\u00edr\u00e1sa el\u0151tt)<\/div><div>\u2022 nem \u00e1ll k\u00f6z\u00fcgyekt\u0151l eltilt\u00e1s hat\u00e1lya alatt,<\/div><div>\u2022 nem \u00e1ll foglalkoz\u00e1st\u00f3l vagy tev\u00e9kenys\u00e9gt\u0151l eltilt\u00e1s hat\u00e1lya alatt,<\/div><div>\u2022 kor\u00e1bbi jegyz\u0151i tev\u00e9kenys\u00e9get igazol\u00f3 dokumentum, ha van (nem k\u00f6telez\u0151)<\/div><div>\u2022 jegyz\u0151i tev\u00e9kenys\u00e9gre vonatkoz\u00f3 aj\u00e1nl\u00f3lev\u00e9l a felel\u0151s vezet\u0151t\u0151l (amennyiben a p\u00e1ly\u00e1z\u00f3 rendelkezik vele)<\/div><div>A p\u00e1ly\u00e1zat beny\u00fajt\u00e1s\u00e1val a p\u00e1ly\u00e1z\u00f3 v\u00e1llalja, hogy sikeres elb\u00edr\u00e1l\u00e1s \u00e9s a jegyz\u0151i n\u00e9vjegyz\u00e9kbe t\u00f6rt\u00e9n\u0151 felv\u00e9tel\u00e9t k\u00f6vet\u0151en, legk\u00e9s\u0151bb az els\u0151 megb\u00edz\u00e1s\u00e1t megel\u0151z\u0151en feladatainak ell\u00e1t\u00e1s\u00e1hoz sz\u00fcks\u00e9ges ismereteket k\u00f6zl\u0151 felk\u00e9sz\u00edt\u00e9sen vesz r\u00e9szt \u00e9s err\u0151l Igazol\u00e1st\/Tan\u00fas\u00edtv\u00e1nyt szerez. Konkr\u00e9t megb\u00edz\u00e1s csak azoknak adhat\u00f3, akik 1 \u00e9ven bel\u00fcli \u00e9rv\u00e9nyes Igazol\u00e1s\/Tan\u00fas\u00edtv\u00e1ny dokumentummal rendelkeznek.<\/div><div>M\u00e1s vizsgak\u00f6zpont k\u00e9pz\u00e9s\u00e9nek\/felk\u00e9sz\u00edt\u00e9s\u00e9nek sikeres elv\u00e9gz\u00e9s\u00e9r\u0151l sz\u00f3l\u00f3 Tan\u00fas\u00edtv\u00e1ny vagy Igazol\u00e1s elfogadhat\u00f3.<\/div><div><b>P\u00e1ly\u00e1zat beny\u00fajt\u00e1s\u00e1nak m\u00f3dja:<\/b><\/div><div>\u00b7 szem\u00e9lyesen, \u00fcgyf\u00e9lfogad\u00e1si id\u0151ben, a H\u00f3dmez\u0151v\u00e1s\u00e1rhelyi Vizsgak\u00f6zpontban (6800 H\u00f3dmez\u0151v\u00e1s\u00e1rhely, Bajcsy-Zsilinszky u. 7-9. )<\/div><div>\u00b7 Postai \u00faton: H\u00f3dmez\u0151v\u00e1s\u00e1rhelyi Vizsgak\u00f6zpont 6800 H\u00f3dmez\u0151v\u00e1s\u00e1rhely, Bajcsy-Zsilinszky u. 7-9.\u00a0<\/div><div>A p\u00e1ly\u00e1zatok a beny\u00fajt\u00e1s sorrendj\u00e9ben ker\u00fclnek elb\u00edr\u00e1l\u00e1sra<\/div><div>Sikeres elb\u00edr\u00e1l\u00e1s eset\u00e9n a p\u00e1ly\u00e1z\u00f3k a H\u00f3dmez\u0151v\u00e1s\u00e1rhelyi Vizsgak\u00f6zpont Jegyz\u0151i n\u00e9vjegyz\u00e9k\u00e9be ker\u00fclnek felv\u00e9telre, kiz\u00e1r\u00f3lag a megp\u00e1ly\u00e1zott feladat ell\u00e1t\u00e1s\u00e1ra. A p\u00e1ly\u00e1zattal kapcsolatos tov\u00e1bbi inform\u00e1ci\u00f3khoz az el\u00e9rhet\u0151s\u00e9gek:<\/div><div>telefon: +36 62 202475\/9 (munkaid\u0151ben)<\/div><div>e-mail:\u00a0<u><a id=\"m_-4706583910060353350OWA600c4083-31c2-6f3d-2b0d-0c6c9e245695\" href=\"mailto:hvk.info@hiszk.hu\" target=\"_blank\" rel=\"noopener\">hvk.info@hiszk.hu<\/a><\/u><\/div><div>A p\u00e1ly\u00e1zattal kapcsolatos adatkezel\u00e9si t\u00e1j\u00e9koztat\u00f3 a H\u00f3dmez\u0151v\u00e1s\u00e1rhelyi Vizsgak\u00f6zpont weboldal\u00e1n \u00e9rhet\u0151 el:\u00a0<u><a id=\"m_-4706583910060353350OWA44fc6473-e336-bb0d-2bed-83323d9124e6\" href=\"https:\/\/hmvhelyivizsgakozpont.hu\/index.php\/adatvedelem\/\" target=\"_blank\" rel=\"noopener\" data-saferedirecturl=\"https:\/\/www.google.com\/url?q=https:\/\/hmvhelyivizsgakozpont.hu\/index.php\/adatvedelem\/&amp;source=gmail&amp;ust=1759992257410000&amp;usg=AOvVaw33xAU4DNw6MqwwhcvKBNNK\">https:\/\/hmvhelyivizsgakozpont.<wbr \/>hu\/index.php\/adatvedelem\/<\/a><\/u><\/div><div>\u00a0<\/div><div><strong>Sikeres p\u00e1ly\u00e1zat k\u00e9sz\u00edt\u00e9st k\u00edv\u00e1nunk!<\/strong><\/div>\t\t\t\t\t\t<\/div>\n\t\t\t\t<\/div>\n\t\t\t\t\t<\/div>\n\t\t<\/div>\n\t\t\t\t\t\t\t<\/div>\n\t\t<\/section>\n\t\t\t\t<section class=\"elementor-section elementor-top-section elementor-element elementor-element-5027c7f elementor-section-boxed elementor-section-height-default elementor-section-height-default\" data-id=\"5027c7f\" data-element_type=\"section\" data-settings=\"{&quot;_ha_eqh_enable&quot;:false}\">\n\t\t\t\t\t\t<div class=\"elementor-container elementor-column-gap-default\">\n\t\t\t\t\t<div class=\"elementor-column elementor-col-100 elementor-top-column elementor-element elementor-element-ed40ba1\" data-id=\"ed40ba1\" data-element_type=\"column\">\n\t\t\t<div class=\"elementor-widget-wrap elementor-element-populated\">\n\t\t\t\t\t\t\t\t<div class=\"elementor-element elementor-element-1a30f2f elementor-widget elementor-widget-heading\" data-id=\"1a30f2f\" data-element_type=\"widget\" data-widget_type=\"heading.default\">\n\t\t\t\t<div class=\"elementor-widget-container\">\n\t\t\t<style>\/*! elementor - v3.5.3 - 28-12-2021 *\/\n.elementor-heading-title{padding:0;margin:0;line-height:1}.elementor-widget-heading .elementor-heading-title[class*=elementor-size-]>a{color:inherit;font-size:inherit;line-height:inherit}.elementor-widget-heading .elementor-heading-title.elementor-size-small{font-size:15px}.elementor-widget-heading .elementor-heading-title.elementor-size-medium{font-size:19px}.elementor-widget-heading .elementor-heading-title.elementor-size-large{font-size:29px}.elementor-widget-heading .elementor-heading-title.elementor-size-xl{font-size:39px}.elementor-widget-heading .elementor-heading-title.elementor-size-xxl{font-size:59px}<\/style><h6 class=\"elementor-heading-title elementor-size-default\">P\u00c1LY\u00c1ZATI ADATLAP SZAK\u00c9RT\u0150I N\u00c9VJEGYZ\u00c9KBE T\u00d6RT\u00c9N\u0150 JELENTKEZ\u00c9SHEZ:\n\n&nbsp;\n&nbsp;&nbsp;&nbsp;&nbsp;&nbsp;&nbsp;&nbsp;&nbsp;&nbsp;&nbsp;&nbsp;&nbsp;&nbsp;&nbsp;&nbsp;&nbsp;&nbsp;&nbsp;&nbsp;&nbsp;&nbsp;&nbsp;&nbsp;&nbsp;&nbsp;&nbsp;&nbsp;&nbsp;&nbsp;&nbsp;&nbsp;\n<a href=\"https:\/\/docs.google.com\/forms\/d\/e\/1FAIpQLScJz-Lhnu8rqYh0qpJogEcL_WQGfavw-vtH7RvOkBuiTELcrw\/viewform\">KATTINTSON IDE!<\/a>\n<\/h6>\t\t<\/div>\n\t\t\t\t<\/div>\n\t\t\t\t\t<\/div>\n\t\t<\/div>\n\t\t\t\t\t\t\t<\/div>\n\t\t<\/section>\n\t\t\t\t<section class=\"elementor-section elementor-top-section elementor-element elementor-element-e15367d elementor-section-boxed elementor-section-height-default elementor-section-height-default\" data-id=\"e15367d\" data-element_type=\"section\" data-settings=\"{&quot;_ha_eqh_enable&quot;:false}\">\n\t\t\t\t\t\t<div class=\"elementor-container elementor-column-gap-default\">\n\t\t\t\t\t<div class=\"elementor-column elementor-col-100 elementor-top-column elementor-element elementor-element-fa1e313\" data-id=\"fa1e313\" data-element_type=\"column\">\n\t\t\t<div class=\"elementor-widget-wrap elementor-element-populated\">\n\t\t\t\t\t\t\t\t<div class=\"elementor-element elementor-element-5f34109 elementor-widget elementor-widget-heading\" data-id=\"5f34109\" data-element_type=\"widget\" data-widget_type=\"heading.default\">\n\t\t\t\t<div class=\"elementor-widget-container\">\n\t\t\t<h2 class=\"elementor-heading-title elementor-size-default\">T\u00c1J\u00c9KOZTAT\u00d3 JEGYZ\u0150K R\u00c9SZ\u00c9RE<\/h2>\t\t<\/div>\n\t\t\t\t<\/div>\n\t\t\t\t<div class=\"elementor-element elementor-element-af14076 elementor-widget elementor-widget-ha-slider happy-addon ha-slider\" data-id=\"af14076\" data-element_type=\"widget\" data-settings=\"{&quot;animation_speed&quot;:300,&quot;loop&quot;:&quot;yes&quot;,&quot;navigation&quot;:&quot;arrow&quot;}\" data-widget_type=\"ha-slider.default\">\n\t\t\t\t<div class=\"elementor-widget-container\">\n\t\t\t\n\t\t<div class=\"hajs-slick ha-slick ha-slick--slider\">\n\n\t\t\t\n\t\t\t\t<div class=\"ha-slick-slide\">\n\t\t\t\t\t<div class=\"ha-slick-item\">\n\t\t\t\t\t\t\t\t\t\t\t\t\t<img class=\"ha-slick-img\" src=\"https:\/\/hmvhelyivizsgakozpont.hu\/wp-content\/uploads\/2022\/03\/jegy1-768x432.jpg\" alt=\"\">\n\t\t\t\t\t\t\n\t\t\t\t\t\t\t\t\t\t\t<\/div>\n\t\t\t\t<\/div>\n\n\t\t\t\n\t\t<\/div>\n\n\t\t\t\t\t<button type=\"button\" class=\"slick-prev\"><i aria-hidden=\"true\" class=\"fas fa-chevron-left\"><\/i><\/button>\n\t\t\n\t\t\t\t\t<button type=\"button\" class=\"slick-next\"><i aria-hidden=\"true\" class=\"fas fa-chevron-right\"><\/i><\/button>\n\t\t\n\t\t\t\t<\/div>\n\t\t\t\t<\/div>\n\t\t\t\t<div class=\"elementor-element elementor-element-5feb97c elementor-widget elementor-widget-shortcode\" data-id=\"5feb97c\" data-element_type=\"widget\" data-widget_type=\"shortcode.default\">\n\t\t\t\t<div class=\"elementor-widget-container\">\n\t\t\t\t\t<div class=\"elementor-shortcode\"><div class=\"wpyog-doc-box\">\n<div class=\"wpyog-doc-box-title\"><i class=\"single_doc fa fa-file-pdf-o\"><\/i> <a href=\"https:\/\/hmvhelyivizsgakozpont.hu\/wp-content\/uploads\/2025\/10\/adatvaltozast_bejelento_nyomtatvany.pdf\" target=\"_blank\">Adatv\u00e1ltoz\u00e1s bejelent\u0151<\/a><\/div>\n<\/p><\/div>\n\n<div class=\"wpyog-doc-box\">\n<div class=\"wpyog-doc-box-title\"><i class=\"single_doc fa fa-file-pdf-o\"><\/i> <a href=\"https:\/\/hmvhelyivizsgakozpont.hu\/wp-content\/uploads\/2026\/02\/F-E04-10_V3_Paly_Ad_Jegyzo.pdf\" target=\"_blank\">P\u00e1ly\u00e1zati adatlap jegyz\u0151k r\u00e9sz\u00e9re V3<\/a><\/div>\n<\/p><\/div>\n<\/div>\n\t\t\t\t<\/div>\n\t\t\t\t<\/div>\n\t\t\t\t\t<\/div>\n\t\t<\/div>\n\t\t\t\t\t\t\t<\/div>\n\t\t<\/section>\n\t\t\t\t\t\t<\/div>\n\t\t\t\t\t<\/div>\n\t\t","protected":false},"excerpt":{"rendered":"<p>P\u00c1LY\u00c1ZATI FELH\u00cdV\u00c1SJegyz\u0151i n\u00e9vjegyz\u00e9k\u00e9be t\u00f6rt\u00e9n\u0151 regisztr\u00e1ci\u00f3hozA H\u00f3dmez\u0151v\u00e1s\u00e1rhelyi Vizsgak\u00f6zpont a szakk\u00e9pz\u00e9si t\u00f6rv\u00e9nyben meghat\u00e1rozott tev\u00e9kenys\u00e9g\u00e9hez jegyz\u0151i feladatok ell\u00e1t\u00e1s\u00e1ra p\u00e1ly\u00e1zatot \u00edr ki.A 12\/2020. (II.<\/p>\n","protected":false},"author":2,"featured_media":0,"parent":0,"menu_order":0,"comment_status":"closed","ping_status":"closed","template":"","meta":[],"_links":{"self":[{"href":"https:\/\/hmvhelyivizsgakozpont.hu\/index.php\/wp-json\/wp\/v2\/pages\/2038"}],"collection":[{"href":"https:\/\/hmvhelyivizsgakozpont.hu\/index.php\/wp-json\/wp\/v2\/pages"}],"about":[{"href":"https:\/\/hmvhelyivizsgakozpont.hu\/index.php\/wp-json\/wp\/v2\/types\/page"}],"author":[{"embeddable":true,"href":"https:\/\/hmvhelyivizsgakozpont.hu\/index.php\/wp-json\/wp\/v2\/users\/2"}],"replies":[{"embeddable":true,"href":"https:\/\/hmvhelyivizsgakozpont.hu\/index.php\/wp-json\/wp\/v2\/comments?post=2038"}],"version-history":[{"count":55,"href":"https:\/\/hmvhelyivizsgakozpont.hu\/index.php\/wp-json\/wp\/v2\/pages\/2038\/revisions"}],"predecessor-version":[{"id":4554,"href":"https:\/\/hmvhelyivizsgakozpont.hu\/index.php\/wp-json\/wp\/v2\/pages\/2038\/revisions\/4554"}],"wp:attachment":[{"href":"https:\/\/hmvhelyivizsgakozpont.hu\/index.php\/wp-json\/wp\/v2\/media?parent=2038"}],"curies":[{"name":"wp","href":"https:\/\/api.w.org\/{rel}","templated":true}]}}