{"id":2047,"date":"2022-01-17T08:06:20","date_gmt":"2022-01-17T08:06:20","guid":{"rendered":"http:\/\/hvk.gotdns.ch\/?page_id=2047"},"modified":"2025-09-10T17:48:58","modified_gmt":"2025-09-10T17:48:58","slug":"kapcsolat","status":"publish","type":"page","link":"https:\/\/hmvhelyivizsgakozpont.hu\/index.php\/kapcsolat\/","title":{"rendered":"Kapcsolat"},"content":{"rendered":"\t\t<div data-elementor-type=\"wp-page\" data-elementor-id=\"2047\" class=\"elementor elementor-2047\" data-elementor-settings=\"[]\">\n\t\t\t\t\t\t\t<div class=\"elementor-section-wrap\">\n\t\t\t\t\t\t\t<section class=\"elementor-section elementor-top-section elementor-element elementor-element-89c2c96 elementor-section-boxed elementor-section-height-default elementor-section-height-default\" data-id=\"89c2c96\" data-element_type=\"section\" data-settings=\"{&quot;_ha_eqh_enable&quot;:false}\">\n\t\t\t\t\t\t<div class=\"elementor-container elementor-column-gap-default\">\n\t\t\t\t\t<div class=\"elementor-column elementor-col-100 elementor-top-column elementor-element elementor-element-8e0a43c\" data-id=\"8e0a43c\" data-element_type=\"column\">\n\t\t\t<div class=\"elementor-widget-wrap elementor-element-populated\">\n\t\t\t\t\t\t\t\t<section class=\"elementor-section elementor-inner-section elementor-element elementor-element-6806d2d elementor-section-boxed elementor-section-height-default elementor-section-height-default\" data-id=\"6806d2d\" data-element_type=\"section\" data-settings=\"{&quot;_ha_eqh_enable&quot;:false}\">\n\t\t\t\t\t\t<div class=\"elementor-container elementor-column-gap-default\">\n\t\t\t\t\t<div class=\"elementor-column elementor-col-50 elementor-inner-column elementor-element elementor-element-62cb690\" data-id=\"62cb690\" data-element_type=\"column\">\n\t\t\t<div class=\"elementor-widget-wrap elementor-element-populated\">\n\t\t\t\t\t\t\t\t<div class=\"elementor-element elementor-element-b55c078 elementor-widget elementor-widget-text-editor\" data-id=\"b55c078\" data-element_type=\"widget\" data-widget_type=\"text-editor.default\">\n\t\t\t\t<div class=\"elementor-widget-container\">\n\t\t\t<style>\/*! elementor - v3.5.3 - 28-12-2021 *\/\n.elementor-widget-text-editor.elementor-drop-cap-view-stacked .elementor-drop-cap{background-color:#818a91;color:#fff}.elementor-widget-text-editor.elementor-drop-cap-view-framed .elementor-drop-cap{color:#818a91;border:3px solid;background-color:transparent}.elementor-widget-text-editor:not(.elementor-drop-cap-view-default) .elementor-drop-cap{margin-top:8px}.elementor-widget-text-editor:not(.elementor-drop-cap-view-default) .elementor-drop-cap-letter{width:1em;height:1em}.elementor-widget-text-editor .elementor-drop-cap{float:left;text-align:center;line-height:1;font-size:50px}.elementor-widget-text-editor .elementor-drop-cap-letter{display:inline-block}<\/style>\t\t\t\t<div class=\"elementor-element elementor-element-f7a331c elementor-widget elementor-widget-text-editor\" data-id=\"f7a331c\" data-element_type=\"widget\" data-widget_type=\"text-editor.default\"><div class=\"elementor-widget-container\"><div class=\"elementor-text-editor elementor-clearfix\"><p><strong>Sz\u00e9khely<\/strong>: 6800 H\u00f3dmez\u0151v\u00e1s\u00e1rhely, Bajcsy-Zsilinszky utca 7-9.<\/p><p><strong>\u00dcgyf\u00e9lszolg\u00e1lat<\/strong>:<\/p><p>6800 H\u00f3dmez\u0151v\u00e1s\u00e1rhely, Bajcsy-Zsilinszky utca 7-9.<\/p><p><strong>\u00dcgyf\u00e9lfogad\u00e1si id\u0151:<\/strong> Kedd 10:00-11:30; Cs\u00fct\u00f6rt\u00f6k 14:00-15:30<\/p><\/div><\/div><\/div><div class=\"elementor-element elementor-element-6db0cba elementor-align-left elementor-icon-list--layout-traditional elementor-widget elementor-widget-icon-list\" data-id=\"6db0cba\" data-element_type=\"widget\" data-widget_type=\"icon-list.default\"><div class=\"elementor-widget-container\"><p><i class=\"fas fa-map-marker-alt\" aria-hidden=\"true\"><\/i>\u00a06800 H\u00f3dmez\u0151v\u00e1s\u00e1rhely, Bajcsy-Zsilinszky utca 7-9.<\/p><p><i class=\"fas fa-envelope\" aria-hidden=\"true\"><\/i><span class=\"elementor-icon-list-text\"> <a href=\"mailto:hvk.info@hiszk.hu\" target=\"_blank\" rel=\"noopener\">hvk.info@hiszk.hu<\/a>\u00a0<\/span><\/p><p><i class=\"fas fa-mobile-alt\" aria-hidden=\"true\"><\/i>\u00a0+36 30 781 3197<\/p><\/div><\/div>\t\t\t\t\t\t<\/div>\n\t\t\t\t<\/div>\n\t\t\t\t\t<\/div>\n\t\t<\/div>\n\t\t\t\t<div class=\"elementor-column elementor-col-50 elementor-inner-column elementor-element elementor-element-9c48e92\" data-id=\"9c48e92\" data-element_type=\"column\">\n\t\t\t<div class=\"elementor-widget-wrap\">\n\t\t\t\t\t\t\t\t\t<\/div>\n\t\t<\/div>\n\t\t\t\t\t\t\t<\/div>\n\t\t<\/section>\n\t\t\t\t\t<\/div>\n\t\t<\/div>\n\t\t\t\t\t\t\t<\/div>\n\t\t<\/section>\n\t\t\t\t<section class=\"elementor-section elementor-top-section elementor-element elementor-element-0fa4b01 elementor-section-boxed elementor-section-height-default elementor-section-height-default\" data-id=\"0fa4b01\" data-element_type=\"section\" data-settings=\"{&quot;_ha_eqh_enable&quot;:false}\">\n\t\t\t\t\t\t<div class=\"elementor-container elementor-column-gap-default\">\n\t\t\t\t\t<div class=\"elementor-column elementor-col-100 elementor-top-column elementor-element elementor-element-e8fa385\" data-id=\"e8fa385\" data-element_type=\"column\">\n\t\t\t<div class=\"elementor-widget-wrap elementor-element-populated\">\n\t\t\t\t\t\t\t\t<div class=\"elementor-element elementor-element-395471b elementor-widget elementor-widget-google_maps\" data-id=\"395471b\" data-element_type=\"widget\" data-widget_type=\"google_maps.default\">\n\t\t\t\t<div class=\"elementor-widget-container\">\n\t\t\t<style>\/*! elementor - v3.5.3 - 28-12-2021 *\/\n.elementor-widget-google_maps .elementor-widget-container{overflow:hidden}.elementor-widget-google_maps iframe{height:300px}<\/style>\t\t<div class=\"elementor-custom-embed\">\n\t\t\t<iframe frameborder=\"0\" scrolling=\"no\" marginheight=\"0\" marginwidth=\"0\"\n\t\t\t\t\tsrc=\"https:\/\/maps.google.com\/maps?q=6800%20H%C3%B3dmez%C5%91v%C3%A1s%C3%A1rhely%2C%20Bajcsy-Zsilinszky%20utca%207-9.&#038;t=m&#038;z=10&#038;output=embed&#038;iwloc=near\"\n\t\t\t\t\ttitle=\"6800 H\u00f3dmez\u0151v\u00e1s\u00e1rhely, Bajcsy-Zsilinszky utca 7-9.\"\n\t\t\t\t\taria-label=\"6800 H\u00f3dmez\u0151v\u00e1s\u00e1rhely, Bajcsy-Zsilinszky utca 7-9.\"\n\t\t\t><\/iframe>\n\t\t<\/div>\n\t\t\t\t<\/div>\n\t\t\t\t<\/div>\n\t\t\t\t\t<\/div>\n\t\t<\/div>\n\t\t\t\t\t\t\t<\/div>\n\t\t<\/section>\n\t\t\t\t<section class=\"elementor-section elementor-top-section elementor-element elementor-element-b809df9 elementor-section-boxed elementor-section-height-default elementor-section-height-default\" data-id=\"b809df9\" data-element_type=\"section\" data-settings=\"{&quot;_ha_eqh_enable&quot;:false}\">\n\t\t\t\t\t\t<div class=\"elementor-container elementor-column-gap-default\">\n\t\t\t\t\t<div class=\"elementor-column elementor-col-100 elementor-top-column elementor-element elementor-element-b8dfdf1\" data-id=\"b8dfdf1\" data-element_type=\"column\">\n\t\t\t<div class=\"elementor-widget-wrap\">\n\t\t\t\t\t\t\t\t\t<\/div>\n\t\t<\/div>\n\t\t\t\t\t\t\t<\/div>\n\t\t<\/section>\n\t\t\t\t\t\t<\/div>\n\t\t\t\t\t<\/div>\n\t\t","protected":false},"excerpt":{"rendered":"<p>Sz\u00e9khely: 6800 H\u00f3dmez\u0151v\u00e1s\u00e1rhely, Bajcsy-Zsilinszky utca 7-9. \u00dcgyf\u00e9lszolg\u00e1lat: 6800 H\u00f3dmez\u0151v\u00e1s\u00e1rhely, Bajcsy-Zsilinszky utca 7-9. \u00dcgyf\u00e9lfogad\u00e1si id\u0151: Kedd 10:00-11:30; Cs\u00fct\u00f6rt\u00f6k 14:00-15:30 \u00a06800 H\u00f3dmez\u0151v\u00e1s\u00e1rhely,<\/p>\n","protected":false},"author":2,"featured_media":0,"parent":0,"menu_order":0,"comment_status":"closed","ping_status":"closed","template":"","meta":[],"_links":{"self":[{"href":"https:\/\/hmvhelyivizsgakozpont.hu\/index.php\/wp-json\/wp\/v2\/pages\/2047"}],"collection":[{"href":"https:\/\/hmvhelyivizsgakozpont.hu\/index.php\/wp-json\/wp\/v2\/pages"}],"about":[{"href":"https:\/\/hmvhelyivizsgakozpont.hu\/index.php\/wp-json\/wp\/v2\/types\/page"}],"author":[{"embeddable":true,"href":"https:\/\/hmvhelyivizsgakozpont.hu\/index.php\/wp-json\/wp\/v2\/users\/2"}],"replies":[{"embeddable":true,"href":"https:\/\/hmvhelyivizsgakozpont.hu\/index.php\/wp-json\/wp\/v2\/comments?post=2047"}],"version-history":[{"count":88,"href":"https:\/\/hmvhelyivizsgakozpont.hu\/index.php\/wp-json\/wp\/v2\/pages\/2047\/revisions"}],"predecessor-version":[{"id":4389,"href":"https:\/\/hmvhelyivizsgakozpont.hu\/index.php\/wp-json\/wp\/v2\/pages\/2047\/revisions\/4389"}],"wp:attachment":[{"href":"https:\/\/hmvhelyivizsgakozpont.hu\/index.php\/wp-json\/wp\/v2\/media?parent=2047"}],"curies":[{"name":"wp","href":"https:\/\/api.w.org\/{rel}","templated":true}]}}