{"id":2050,"date":"2022-01-17T08:06:35","date_gmt":"2022-01-17T08:06:35","guid":{"rendered":"http:\/\/hvk.gotdns.ch\/?page_id=2050"},"modified":"2026-02-26T08:17:37","modified_gmt":"2026-02-26T08:17:37","slug":"letoltheto-dokumentumok","status":"publish","type":"page","link":"https:\/\/hmvhelyivizsgakozpont.hu\/index.php\/letoltheto-dokumentumok\/","title":{"rendered":"Let\u00f6lthet\u0151 dokumentumok"},"content":{"rendered":"\t\t<div data-elementor-type=\"wp-page\" data-elementor-id=\"2050\" class=\"elementor elementor-2050\" data-elementor-settings=\"[]\">\n\t\t\t\t\t\t\t<div class=\"elementor-section-wrap\">\n\t\t\t\t\t\t\t<section class=\"elementor-section elementor-top-section elementor-element elementor-element-852efd4 elementor-section-boxed elementor-section-height-default elementor-section-height-default\" data-id=\"852efd4\" data-element_type=\"section\" data-settings=\"{&quot;_ha_eqh_enable&quot;:false}\">\n\t\t\t\t\t\t<div class=\"elementor-container elementor-column-gap-default\">\n\t\t\t\t\t<div class=\"elementor-column elementor-col-100 elementor-top-column elementor-element elementor-element-717929f\" data-id=\"717929f\" data-element_type=\"column\">\n\t\t\t<div class=\"elementor-widget-wrap elementor-element-populated\">\n\t\t\t\t\t\t\t\t<div class=\"elementor-element elementor-element-25358d1 elementor-widget elementor-widget-heading\" data-id=\"25358d1\" data-element_type=\"widget\" data-widget_type=\"heading.default\">\n\t\t\t\t<div class=\"elementor-widget-container\">\n\t\t\t<style>\/*! elementor - v3.5.3 - 28-12-2021 *\/\n.elementor-heading-title{padding:0;margin:0;line-height:1}.elementor-widget-heading .elementor-heading-title[class*=elementor-size-]>a{color:inherit;font-size:inherit;line-height:inherit}.elementor-widget-heading .elementor-heading-title.elementor-size-small{font-size:15px}.elementor-widget-heading .elementor-heading-title.elementor-size-medium{font-size:19px}.elementor-widget-heading .elementor-heading-title.elementor-size-large{font-size:29px}.elementor-widget-heading .elementor-heading-title.elementor-size-xl{font-size:39px}.elementor-widget-heading .elementor-heading-title.elementor-size-xxl{font-size:59px}<\/style><h2 class=\"elementor-heading-title elementor-size-default\">Let\u00f6lthet\u0151 dokumentumok<\/h2>\t\t<\/div>\n\t\t\t\t<\/div>\n\t\t\t\t\t<\/div>\n\t\t<\/div>\n\t\t\t\t\t\t\t<\/div>\n\t\t<\/section>\n\t\t\t\t<section class=\"elementor-section elementor-top-section elementor-element elementor-element-740ecab elementor-section-boxed elementor-section-height-default elementor-section-height-default\" data-id=\"740ecab\" data-element_type=\"section\" data-settings=\"{&quot;_ha_eqh_enable&quot;:false}\">\n\t\t\t\t\t\t<div class=\"elementor-container elementor-column-gap-default\">\n\t\t\t\t\t<div class=\"elementor-column elementor-col-100 elementor-top-column elementor-element elementor-element-c5974bf\" data-id=\"c5974bf\" data-element_type=\"column\">\n\t\t\t<div class=\"elementor-widget-wrap elementor-element-populated\">\n\t\t\t\t\t\t\t\t<div class=\"elementor-element elementor-element-9da38a5 elementor-widget elementor-widget-text-editor\" data-id=\"9da38a5\" data-element_type=\"widget\" data-widget_type=\"text-editor.default\">\n\t\t\t\t<div class=\"elementor-widget-container\">\n\t\t\t<style>\/*! elementor - v3.5.3 - 28-12-2021 *\/\n.elementor-widget-text-editor.elementor-drop-cap-view-stacked .elementor-drop-cap{background-color:#818a91;color:#fff}.elementor-widget-text-editor.elementor-drop-cap-view-framed .elementor-drop-cap{color:#818a91;border:3px solid;background-color:transparent}.elementor-widget-text-editor:not(.elementor-drop-cap-view-default) .elementor-drop-cap{margin-top:8px}.elementor-widget-text-editor:not(.elementor-drop-cap-view-default) .elementor-drop-cap-letter{width:1em;height:1em}.elementor-widget-text-editor .elementor-drop-cap{float:left;text-align:center;line-height:1;font-size:50px}.elementor-widget-text-editor .elementor-drop-cap-letter{display:inline-block}<\/style>\t\t\t\t<p><div class=\"wpyog-doc-box\">\n<div class=\"wpyog-doc-box-title\"><i class=\"single_doc fa fa-file-pdf-o\"><\/i> <a href=\"https:\/\/hmvhelyivizsgakozpont.hu\/wp-content\/uploads\/2025\/09\/SZ01-V4-VSZ_Informacios_peldany-1.pdf\" target=\"_blank\">SZ01-V4-VSZ Inform\u00e1ci\u00f3s P\u00e9ld\u00e1ny (Vizsgaszab\u00e1lyzat)<\/a><\/div>\n<\/p><\/div>\n<br \/><div class=\"wpyog-doc-box\">\n<div class=\"wpyog-doc-box-title\"><i class=\"single_doc fa fa-file-pdf-o\"><\/i> <a href=\"https:\/\/hmvhelyivizsgakozpont.hu\/wp-content\/uploads\/2025\/10\/SZ03-V3-VDSZ_Informacios_peldany.pdf\" target=\"_blank\">SZ03-V3-VDSZ Inform\u00e1ci\u00f3s P\u00e9ld\u00e1ny (Vizsga- \u00e9s elj\u00e1r\u00e1si d\u00edjak szab\u00e1lyzata)<\/a><\/div>\n<\/p><\/div>\n<br \/><div class=\"wpyog-doc-box\">\n<div class=\"wpyog-doc-box-title\"><i class=\"single_doc fa fa-file-pdf-o\"><\/i> <a href=\"https:\/\/hmvhelyivizsgakozpont.hu\/wp-content\/uploads\/2025\/10\/E03-PAKEZ_Informacios_peldany.pdf\" target=\"_blank\">E03-PAKEZ (Panaszkezel\u00e9si \u00e9s jogorvoslati elj\u00e1r\u00e1srend)<\/a><\/div>\n<\/p><\/div>\n<br \/><div class=\"wpyog-doc-box\">\n<div class=\"wpyog-doc-box-title\"><i class=\"single_doc fa fa-file-pdf-o\"><\/i> <a href=\"https:\/\/hmvhelyivizsgakozpont.hu\/wp-content\/uploads\/2025\/10\/KEOR_251001-1.pdf\" target=\"_blank\">Vizsg\u00e1ztat\u00e1si ter\u00fcletek<\/a><\/div>\n<\/p><\/div>\n<br \/><div class=\"wpyog-doc-box\">\n<div class=\"wpyog-doc-box-title\"><i class=\"single_doc fa fa-file-pdf-o\"><\/i> <a href=\"https:\/\/hmvhelyivizsgakozpont.hu\/wp-content\/uploads\/2026\/02\/egyuttmukodo_partnerek_listaja_weboldalra_2025.02.25.pdf\" target=\"_blank\">Egy\u00fcttm\u0171k\u00f6d\u0151 partnerek list\u00e1ja<\/a><\/div>\n<\/p><\/div>\n<br \/><div class=\"wpyog-doc-box\">\n<div class=\"wpyog-doc-box-title\"><i class=\"single_doc fa fa-file-pdf-o\"><\/i> <a href=\"https:\/\/hmvhelyivizsgakozpont.hu\/wp-content\/uploads\/2026\/02\/SZ04-V2-ETSZ_Informacios_peldany.pdf\" target=\"_blank\">Etikai Szab\u00e1lyzat<\/a><\/div>\n<\/p><\/div>\n<br \/><div class=\"wpyog-doc-box\">\n<div class=\"wpyog-doc-box-title\"><i class=\"single_doc fa fa-file-pdf-o\"><\/i> <a href=\"https:\/\/hmvhelyivizsgakozpont.hu\/wp-content\/uploads\/2026\/02\/SZ06-V2-ISZ_Informacios_pld.pdf\" target=\"_blank\">Integrit\u00e1s Szab\u00e1lyzat<\/a><\/div>\n<\/p><\/div>\n<br \/><div class=\"wpyog-doc-box\">\n<div class=\"wpyog-doc-box-title\"><i class=\"single_doc fa fa-file-pdf-o\"><\/i> <a href=\"https:\/\/hmvhelyivizsgakozpont.hu\/wp-content\/uploads\/2026\/02\/E02-V2-KURE_Informacios_peldany.pdf\" target=\"_blank\">K\u00fcl\u00f6nleges \u00e9s Rendk\u00edv\u00fcli Esem\u00e9nyek Elj\u00e1r\u00e1srendje<\/a><\/div>\n<\/p><\/div>\n<br \/><div class=\"wpyog-doc-box\">\n<div class=\"wpyog-doc-box-title\"><i class=\"single_doc fa fa-file-pdf-o\"><\/i> <a href=\"https:\/\/hmvhelyivizsgakozpont.hu\/wp-content\/uploads\/2026\/02\/weboldal-2024-es-statisztika.pdf\" target=\"_blank\">M\u0171k\u00f6d\u00e9si statisztika 2024<\/a><\/div>\n<\/p><\/div>\n<br \/><div class=\"wpyog-doc-box\">\n<div class=\"wpyog-doc-box-title\"><i class=\"single_doc fa fa-file-pdf-o\"><\/i> <a href=\"https:\/\/hmvhelyivizsgakozpont.hu\/wp-content\/uploads\/2026\/02\/weboldal-2025-os-statisztika.pdf\" target=\"_blank\">M\u0171k\u00f6d\u00e9si statisztika 2025<\/a><\/div>\n<\/p><\/div>\n<\/p>\t\t\t\t\t\t<\/div>\n\t\t\t\t<\/div>\n\t\t\t\t\t<\/div>\n\t\t<\/div>\n\t\t\t\t\t\t\t<\/div>\n\t\t<\/section>\n\t\t\t\t\t\t<\/div>\n\t\t\t\t\t<\/div>\n\t\t","protected":false},"excerpt":{"rendered":"<p>Let\u00f6lthet\u0151 dokumentumok<\/p>\n","protected":false},"author":2,"featured_media":0,"parent":0,"menu_order":0,"comment_status":"closed","ping_status":"closed","template":"","meta":[],"_links":{"self":[{"href":"https:\/\/hmvhelyivizsgakozpont.hu\/index.php\/wp-json\/wp\/v2\/pages\/2050"}],"collection":[{"href":"https:\/\/hmvhelyivizsgakozpont.hu\/index.php\/wp-json\/wp\/v2\/pages"}],"about":[{"href":"https:\/\/hmvhelyivizsgakozpont.hu\/index.php\/wp-json\/wp\/v2\/types\/page"}],"author":[{"embeddable":true,"href":"https:\/\/hmvhelyivizsgakozpont.hu\/index.php\/wp-json\/wp\/v2\/users\/2"}],"replies":[{"embeddable":true,"href":"https:\/\/hmvhelyivizsgakozpont.hu\/index.php\/wp-json\/wp\/v2\/comments?post=2050"}],"version-history":[{"count":127,"href":"https:\/\/hmvhelyivizsgakozpont.hu\/index.php\/wp-json\/wp\/v2\/pages\/2050\/revisions"}],"predecessor-version":[{"id":4603,"href":"https:\/\/hmvhelyivizsgakozpont.hu\/index.php\/wp-json\/wp\/v2\/pages\/2050\/revisions\/4603"}],"wp:attachment":[{"href":"https:\/\/hmvhelyivizsgakozpont.hu\/index.php\/wp-json\/wp\/v2\/media?parent=2050"}],"curies":[{"name":"wp","href":"https:\/\/api.w.org\/{rel}","templated":true}]}}