{"id":2736,"date":"2022-03-22T16:44:40","date_gmt":"2022-03-22T16:44:40","guid":{"rendered":"https:\/\/hmvhelyivizsgakozpont.hu\/?page_id=2736"},"modified":"2023-01-22T18:13:02","modified_gmt":"2023-01-22T18:13:02","slug":"kovetelmenyek","status":"publish","type":"page","link":"https:\/\/hmvhelyivizsgakozpont.hu\/index.php\/kovetelmenyek\/","title":{"rendered":"K\u00f6vetelm\u00e9nyek"},"content":{"rendered":"\t\t<div data-elementor-type=\"wp-page\" data-elementor-id=\"2736\" class=\"elementor elementor-2736\" data-elementor-settings=\"[]\">\n\t\t\t\t\t\t\t<div class=\"elementor-section-wrap\">\n\t\t\t\t\t\t\t<section class=\"elementor-section elementor-top-section elementor-element elementor-element-e3805a9 elementor-section-boxed elementor-section-height-default elementor-section-height-default\" data-id=\"e3805a9\" data-element_type=\"section\" data-settings=\"{&quot;_ha_eqh_enable&quot;:false}\">\n\t\t\t\t\t\t<div class=\"elementor-container elementor-column-gap-default\">\n\t\t\t\t\t<div class=\"elementor-column elementor-col-100 elementor-top-column elementor-element elementor-element-234e467\" data-id=\"234e467\" data-element_type=\"column\">\n\t\t\t<div class=\"elementor-widget-wrap elementor-element-populated\">\n\t\t\t\t\t\t\t\t<section class=\"elementor-section elementor-inner-section elementor-element elementor-element-0f5e219 elementor-section-boxed elementor-section-height-default elementor-section-height-default\" data-id=\"0f5e219\" data-element_type=\"section\" data-settings=\"{&quot;_ha_eqh_enable&quot;:false}\">\n\t\t\t\t\t\t<div class=\"elementor-container elementor-column-gap-default\">\n\t\t\t\t\t<div class=\"elementor-column elementor-col-33 elementor-inner-column elementor-element elementor-element-676f949\" data-id=\"676f949\" data-element_type=\"column\">\n\t\t\t<div class=\"elementor-widget-wrap elementor-element-populated\">\n\t\t\t\t\t\t\t\t<div class=\"elementor-element elementor-element-0f7bafd eael-flipbox-content-align-center elementor-widget elementor-widget-eael-flip-box\" data-id=\"0f7bafd\" data-element_type=\"widget\" data-widget_type=\"eael-flip-box.default\">\n\t\t\t\t<div class=\"elementor-widget-container\">\n\t\t\t\n        <div class=\"eael-elements-flip-box-container eael-animate-flip eael-animate-zoom-in eael-content\">\n\n            <a class=\"eael-elements-flip-box-flip-card\" href=\"https:\/\/akkreditaltvizsgaztatas.ikk.hu\/kkk-ptt\">\n                <div class=\"eael-elements-flip-box-front-container\">\n\n                    \n                        <div class=\"eael-elements-slider-display-table\">\n                            <div class=\"eael-elements-flip-box-vertical-align\">\n                                <div class=\"eael-elements-flip-box-padding\">\n                                    <div class=\"eael-elements-flip-box-icon-image\">\n                                                                                                                                                                        <\/div>\n                                    <h4 class=\"eael-elements-flip-box-heading\">SZAKMAI OKTAT\u00c1S - K\u00e9pz\u00e9si \u00e9s kimeneti k\u00f6vetelm\u00e9nyek<\/h4>\n                                    <div class=\"eael-elements-flip-box-content\">\n                                        <p><\/p>\n                                    <\/div>\n                                <\/div>\n                            <\/div>\n                        <\/div>\n                                    <\/div>\n\n                <div class=\"eael-elements-flip-box-rear-container\">\n\n                                            <div class=\"eael-elements-slider-display-table\">\n                            <div class=\"eael-elements-flip-box-vertical-align\">\n                                <div class=\"eael-elements-flip-box-padding\">\n                                                                            <div class=\"eael-elements-flip-box-icon-image\">\n                                                                                            <\/div>\n                                    \n                                    <h4 class=\"eael-elements-flip-box-heading\">SZAKMAI OKTAT\u00c1S - K\u00e9pz\u00e9si \u00e9s kimeneti k\u00f6vetelm\u00e9nyek<\/h4>\n                                    <div class=\"eael-elements-flip-box-content\">\n                                        <p><\/p>\n                                    <\/div>\n\n                                                                    <\/div>\n                            <\/div>\n                        <\/div>\n                                    <\/div>\n            <\/a>\n        <\/div>\n\n\t\t<\/div>\n\t\t\t\t<\/div>\n\t\t\t\t\t<\/div>\n\t\t<\/div>\n\t\t\t\t<div class=\"elementor-column elementor-col-33 elementor-inner-column elementor-element elementor-element-7013193\" data-id=\"7013193\" data-element_type=\"column\">\n\t\t\t<div class=\"elementor-widget-wrap elementor-element-populated\">\n\t\t\t\t\t\t\t\t<div class=\"elementor-element elementor-element-3978769 eael-flipbox-content-align-center elementor-widget elementor-widget-eael-flip-box\" data-id=\"3978769\" data-element_type=\"widget\" data-widget_type=\"eael-flip-box.default\">\n\t\t\t\t<div class=\"elementor-widget-container\">\n\t\t\t\n        <div class=\"eael-elements-flip-box-container eael-animate-flip eael-animate-zoom-in eael-content\">\n\n            <a class=\"eael-elements-flip-box-flip-card\" href=\"https:\/\/akkreditaltvizsgaztatas.ikk.hu\/programkovetelmenyek\">\n                <div class=\"eael-elements-flip-box-front-container\">\n\n                    \n                        <div class=\"eael-elements-slider-display-table\">\n                            <div class=\"eael-elements-flip-box-vertical-align\">\n                                <div class=\"eael-elements-flip-box-padding\">\n                                    <div class=\"eael-elements-flip-box-icon-image\">\n                                                                                                                                                                        <\/div>\n                                    <h3 class=\"eael-elements-flip-box-heading\">SZAKMAI K\u00c9PZ\u00c9S - Programk\u00f6vetel m\u00e9nyek<\/h3>\n                                    <div class=\"eael-elements-flip-box-content\">\n                                        <p><\/p>\n                                    <\/div>\n                                <\/div>\n                            <\/div>\n                        <\/div>\n                                    <\/div>\n\n                <div class=\"eael-elements-flip-box-rear-container\">\n\n                                            <div class=\"eael-elements-slider-display-table\">\n                            <div class=\"eael-elements-flip-box-vertical-align\">\n                                <div class=\"eael-elements-flip-box-padding\">\n                                                                            <div class=\"eael-elements-flip-box-icon-image\">\n                                                                                            <\/div>\n                                    \n                                    <h3 class=\"eael-elements-flip-box-heading\">SZAKMAI K\u00c9PZ\u00c9S - Programk\u00f6vetel m\u00e9nyek<\/h3>\n                                    <div class=\"eael-elements-flip-box-content\">\n                                        <p><\/p>\n                                    <\/div>\n\n                                                                    <\/div>\n                            <\/div>\n                        <\/div>\n                                    <\/div>\n            <\/a>\n        <\/div>\n\n\t\t<\/div>\n\t\t\t\t<\/div>\n\t\t\t\t\t<\/div>\n\t\t<\/div>\n\t\t\t\t<div class=\"elementor-column elementor-col-33 elementor-inner-column elementor-element elementor-element-887d09c\" data-id=\"887d09c\" data-element_type=\"column\">\n\t\t\t<div class=\"elementor-widget-wrap elementor-element-populated\">\n\t\t\t\t\t\t\t\t<div class=\"elementor-element elementor-element-6963638 eael-flipbox-content-align-center elementor-widget elementor-widget-eael-flip-box\" data-id=\"6963638\" data-element_type=\"widget\" data-widget_type=\"eael-flip-box.default\">\n\t\t\t\t<div class=\"elementor-widget-container\">\n\t\t\t\n        <div class=\"eael-elements-flip-box-container eael-animate-flip eael-animate-zoom-in eael-content\">\n\n            <a class=\"eael-elements-flip-box-flip-card\" href=\"https:\/\/akkreditaltvizsgaztatas.ikk.hu\/tanusitasi-rendszerkovetelmenyek\">\n                <div class=\"eael-elements-flip-box-front-container\">\n\n                    \n                        <div class=\"eael-elements-slider-display-table\">\n                            <div class=\"eael-elements-flip-box-vertical-align\">\n                                <div class=\"eael-elements-flip-box-padding\">\n                                    <div class=\"eael-elements-flip-box-icon-image\">\n                                                                                                                                                                        <\/div>\n                                    <h5 class=\"eael-elements-flip-box-heading\">Rendszerk\u00f6vetel-m\u00e9nyek <\/h5>\n                                    <div class=\"eael-elements-flip-box-content\">\n                                        <p><\/p>\n                                    <\/div>\n                                <\/div>\n                            <\/div>\n                        <\/div>\n                                    <\/div>\n\n                <div class=\"eael-elements-flip-box-rear-container\">\n\n                                            <div class=\"eael-elements-slider-display-table\">\n                            <div class=\"eael-elements-flip-box-vertical-align\">\n                                <div class=\"eael-elements-flip-box-padding\">\n                                                                            <div class=\"eael-elements-flip-box-icon-image\">\n                                                                                            <\/div>\n                                    \n                                    <h3 class=\"eael-elements-flip-box-heading\">Rendszerk\u00f6vetel-m\u00e9nyek<\/h3>\n                                    <div class=\"eael-elements-flip-box-content\">\n                                        <p><\/p>\n                                    <\/div>\n\n                                                                    <\/div>\n                            <\/div>\n                        <\/div>\n                                    <\/div>\n            <\/a>\n        <\/div>\n\n\t\t<\/div>\n\t\t\t\t<\/div>\n\t\t\t\t\t<\/div>\n\t\t<\/div>\n\t\t\t\t\t\t\t<\/div>\n\t\t<\/section>\n\t\t\t\t\t<\/div>\n\t\t<\/div>\n\t\t\t\t\t\t\t<\/div>\n\t\t<\/section>\n\t\t\t\t\t\t<\/div>\n\t\t\t\t\t<\/div>\n\t\t","protected":false},"excerpt":{"rendered":"<p>SZAKMAI OKTAT\u00c1S &#8211; K\u00e9pz\u00e9si \u00e9s kimeneti k\u00f6vetelm\u00e9nyek SZAKMAI OKTAT\u00c1S &#8211; K\u00e9pz\u00e9si \u00e9s kimeneti k\u00f6vetelm\u00e9nyek SZAKMAI K\u00c9PZ\u00c9S &#8211; Programk\u00f6vetel m\u00e9nyek SZAKMAI<\/p>\n","protected":false},"author":2,"featured_media":0,"parent":0,"menu_order":0,"comment_status":"closed","ping_status":"closed","template":"","meta":[],"_links":{"self":[{"href":"https:\/\/hmvhelyivizsgakozpont.hu\/index.php\/wp-json\/wp\/v2\/pages\/2736"}],"collection":[{"href":"https:\/\/hmvhelyivizsgakozpont.hu\/index.php\/wp-json\/wp\/v2\/pages"}],"about":[{"href":"https:\/\/hmvhelyivizsgakozpont.hu\/index.php\/wp-json\/wp\/v2\/types\/page"}],"author":[{"embeddable":true,"href":"https:\/\/hmvhelyivizsgakozpont.hu\/index.php\/wp-json\/wp\/v2\/users\/2"}],"replies":[{"embeddable":true,"href":"https:\/\/hmvhelyivizsgakozpont.hu\/index.php\/wp-json\/wp\/v2\/comments?post=2736"}],"version-history":[{"count":52,"href":"https:\/\/hmvhelyivizsgakozpont.hu\/index.php\/wp-json\/wp\/v2\/pages\/2736\/revisions"}],"predecessor-version":[{"id":3571,"href":"https:\/\/hmvhelyivizsgakozpont.hu\/index.php\/wp-json\/wp\/v2\/pages\/2736\/revisions\/3571"}],"wp:attachment":[{"href":"https:\/\/hmvhelyivizsgakozpont.hu\/index.php\/wp-json\/wp\/v2\/media?parent=2736"}],"curies":[{"name":"wp","href":"https:\/\/api.w.org\/{rel}","templated":true}]}}