{"id":3813,"date":"2023-08-08T16:33:29","date_gmt":"2023-08-08T16:33:29","guid":{"rendered":"https:\/\/hmvhelyivizsgakozpont.hu\/?page_id=3813"},"modified":"2026-03-18T14:43:38","modified_gmt":"2026-03-18T14:43:38","slug":"vizsgahelyszineknek-egyuttmukodo-partnereknek","status":"publish","type":"page","link":"https:\/\/hmvhelyivizsgakozpont.hu\/index.php\/vizsgahelyszineknek-egyuttmukodo-partnereknek\/","title":{"rendered":"VIZSGAHELYSZ\u00cdNEKNEK, EGY\u00dcTTM\u0170K\u00d6D\u0150 PARTNEREKNEK"},"content":{"rendered":"\t\t<div data-elementor-type=\"wp-page\" data-elementor-id=\"3813\" class=\"elementor elementor-3813\" data-elementor-settings=\"[]\">\n\t\t\t\t\t\t\t<div class=\"elementor-section-wrap\">\n\t\t\t\t\t\t\t<section class=\"elementor-section elementor-top-section elementor-element elementor-element-e07a6f2 elementor-section-boxed elementor-section-height-default elementor-section-height-default\" data-id=\"e07a6f2\" data-element_type=\"section\" data-settings=\"{&quot;_ha_eqh_enable&quot;:false}\">\n\t\t\t\t\t\t<div class=\"elementor-container elementor-column-gap-default\">\n\t\t\t\t\t<div class=\"elementor-column elementor-col-100 elementor-top-column elementor-element elementor-element-d36b608\" data-id=\"d36b608\" data-element_type=\"column\">\n\t\t\t<div class=\"elementor-widget-wrap elementor-element-populated\">\n\t\t\t\t\t\t\t\t<div class=\"elementor-element elementor-element-86d2516 elementor-widget elementor-widget-text-editor\" data-id=\"86d2516\" data-element_type=\"widget\" data-widget_type=\"text-editor.default\">\n\t\t\t\t<div class=\"elementor-widget-container\">\n\t\t\t<style>\/*! elementor - v3.5.3 - 28-12-2021 *\/\n.elementor-widget-text-editor.elementor-drop-cap-view-stacked .elementor-drop-cap{background-color:#818a91;color:#fff}.elementor-widget-text-editor.elementor-drop-cap-view-framed .elementor-drop-cap{color:#818a91;border:3px solid;background-color:transparent}.elementor-widget-text-editor:not(.elementor-drop-cap-view-default) .elementor-drop-cap{margin-top:8px}.elementor-widget-text-editor:not(.elementor-drop-cap-view-default) .elementor-drop-cap-letter{width:1em;height:1em}.elementor-widget-text-editor .elementor-drop-cap{float:left;text-align:center;line-height:1;font-size:50px}.elementor-widget-text-editor .elementor-drop-cap-letter{display:inline-block}<\/style>\t\t\t\t<div><b>Egy\u00fcttm\u0171k\u00f6d\u0151 partnerek list\u00e1ja:<\/b><\/div><div>\uf0b7 Bali Solar Kft.<\/div><div>\uf0b7 BARIDO 2011 KFT<\/div><div>\uf0b7 B\u00c1V Aukci\u00f3sh\u00e1z \u00e9s Z\u00e1loghitel Zrt.<\/div><div>\uf0b7 Beretty\u00f3\u00fajfalui Szakmai Vizsga-k\u00f6zpont,.<\/div><div>\uf0b7 Bert\u00e1n\u00e9 Cs\u00e9p\u00e1n Erzs\u00e9bet e.v.<\/div><div>\uf0b7 B\u00f3nus Istv\u00e1n e.v.<\/div><div>\uf0b7 Csongr\u00e1d-Csan\u00e1d Megyei Dr. Bugyi Istv\u00e1n K\u00f3rh\u00e1z<\/div><div>\uf0b7 Dunag\u00e1z Vizsgak\u00f6zpont<\/div><div>\uf0b7 E.ON D\u00e9l-Dun\u00e1nt\u00fali \u00c1ramh\u00e1l\u00f3za-ti Zrt.<\/div><div>\uf0b7 F\u0151v\u00e1rosi Szakk\u00e9pz\u00e9si \u00e9s Feln\u0151ttk\u00e9pz\u00e9si Vizsgak\u00f6zpont<\/div><div>\uf0b7 GAJD\u00c1R \u00c9S T\u00c1RSA Kereskelelmi \u00e9s Szolg\u00e1ltat\u00f3i Kft.<\/div><div>\uf0b7 GO-ORIGO-WILL Kft.<\/div><div>\uf0b7 H\u00f3dmez\u0151v\u00e1s\u00e1rhelyi \u00c1gazati K\u00e9pz\u0151k\u00f6zpont Nonprofit Kft.<\/div><div>\uf0b7 H\u00f3dmez\u0151v\u00e1s\u00e1rhelyi SZC Corvin M\u00e1ty\u00e1s Technikum \u00e9s Szakk\u00e9pz\u0151 Iskola<\/div><div>\uf0b7 H\u00f3dmez\u0151v\u00e1s\u00e1rhelyi SZC Csongr\u00e1di S\u00e1ghy Mih\u00e1ly Technikum, Szakk\u00e9pz\u0151 Iskola \u00e9s Koll\u00e9gium<\/div><div>\uf0b7 H\u00f3dmez\u0151v\u00e1s\u00e1rhelyi SZC E\u00f6tv\u00f6s J\u00f3zsef Technikum<\/div><div>\uf0b7 H\u00f3dmez\u0151v\u00e1s\u00e1rhelyi SZC Mak\u00f3i N\u00e1vay Lajos Technikum \u00e9s Koll\u00e9gium<\/div><div>\uf0b7 H\u00f3dmez\u0151v\u00e1s\u00e1rhelyi SZC Szentesi Boros S\u00e1muel Technikum<\/div><div>\uf0b7 H\u00f3dmez\u0151v\u00e1s\u00e1rhelyi SZC Szentesi Poll\u00e1k Antal Technikum<\/div><div>\uf0b7 H\u00f3dmez\u0151v\u00e1s\u00e1rhelyi SZC Szentesi Zsoldos Ferenc Technikum<\/div><div>\uf0b7 Innovip.hu Kft.<\/div><div>\uf0b7 Kaposv\u00e1ri Vizsgak\u00f6zpont<\/div><div>\uf0b7 Kiskunhalasi Siker Vizsgak\u00f6zpont<\/div><div>\uf0b7 KK Family 2005 KFT.<\/div><div>\uf0b7 Magyar K\u00f6z\u00fat Nonprofit Z\u00e1rk\u00f6r\u00faen M\u0171k\u00f6d\u0151 R\u00e9szv\u00e9nyt\u00e1rsas\u00e1g<\/div><div>\uf0b7 Mak\u00f3i \u00d3voda<\/div><div>\uf0b7 M\u00e1t\u00e9szalkai Vizsgak\u00f6zpont<\/div><div>\uf0b7 M\u00e1t\u00e9szalkai Vizsgak\u00f6zpont<\/div><div>\uf0b7 M\u00c1V Magyar \u00c1llamamvasutak Zrt.<\/div><div>\uf0b7 M\u00c1V-START VAS\u00daTI SZEM\u00c9LYSZ\u00c1LL\u00cdT\u00d3 Zrt.<\/div><div>\uf0b7 Meszl\u00e9nyi Tam\u00e1sn\u00e9 egy\u00e9ni v\u00e1llalkoz\u00f3<\/div><div>\uf0b7 metALCOM T\u00e1vk\u00f6zl\u00e9si \u00e9s Rendszerintegr\u00e1ci\u00f3s Zrt.<\/div><div>\uf0b7 MVM D\u00e9m\u00e1sz \u00c1ramh\u00e1l\u00f3zati Kft.<\/div><div>\uf0b7 Oskovics L\u00e1szl\u00f3 (6800 H\u00f3dmez\u0151v\u00e1s\u00e1rhely, Bajcsy-Zs. u. 34.)<\/div><div>\uf0b7 PROFI Oktat\u00f3 K\u00f6zpont Kft.<\/div><div>\uf0b7 Reilly Shop Kft.<\/div><div>\uf0b7 R\u00e9beli-Szab\u00f3 J\u00e1nos e.v.<\/div><div>\uf0b7 Szegedi Region\u00e1lis Vizsgak\u00f6zpont<\/div><div>\uf0b7 Szentesi \u00c1gazati K\u00e9pz\u0151k\u00f6zpont Nonprofit Kft.<\/div><div>\uf0b7 Szilvain\u00e9 Bodolai Hajnalka e.v.<\/div><div>\uf0b7 Szolnoki Szolg\u00e1ltat\u00e1si \u00e9s M\u0171szaki Vizsgak\u00f6zpont<\/div><div>\uf0b7 TESCO Akad\u00e9mia Kft.<\/div><div>\uf0b7 V\u00e1msoft Kft.<\/div><div>\uf0b7 Zalaegerszegi F\u00fcggetlen Vizsgak\u00f6zpont<\/div>\t\t\t\t\t\t<\/div>\n\t\t\t\t<\/div>\n\t\t\t\t\t<\/div>\n\t\t<\/div>\n\t\t\t\t\t\t\t<\/div>\n\t\t<\/section>\n\t\t\t\t\t\t<\/div>\n\t\t\t\t\t<\/div>\n\t\t","protected":false},"excerpt":{"rendered":"<p>Egy\u00fcttm\u0171k\u00f6d\u0151 partnerek list\u00e1ja:\uf0b7 Bali Solar Kft.\uf0b7 BARIDO 2011 KFT\uf0b7 B\u00c1V Aukci\u00f3sh\u00e1z \u00e9s Z\u00e1loghitel Zrt.\uf0b7 Beretty\u00f3\u00fajfalui Szakmai Vizsga-k\u00f6zpont,.\uf0b7 Bert\u00e1n\u00e9 Cs\u00e9p\u00e1n Erzs\u00e9bet<\/p>\n","protected":false},"author":1,"featured_media":0,"parent":0,"menu_order":0,"comment_status":"closed","ping_status":"closed","template":"elementor_header_footer","meta":[],"_links":{"self":[{"href":"https:\/\/hmvhelyivizsgakozpont.hu\/index.php\/wp-json\/wp\/v2\/pages\/3813"}],"collection":[{"href":"https:\/\/hmvhelyivizsgakozpont.hu\/index.php\/wp-json\/wp\/v2\/pages"}],"about":[{"href":"https:\/\/hmvhelyivizsgakozpont.hu\/index.php\/wp-json\/wp\/v2\/types\/page"}],"author":[{"embeddable":true,"href":"https:\/\/hmvhelyivizsgakozpont.hu\/index.php\/wp-json\/wp\/v2\/users\/1"}],"replies":[{"embeddable":true,"href":"https:\/\/hmvhelyivizsgakozpont.hu\/index.php\/wp-json\/wp\/v2\/comments?post=3813"}],"version-history":[{"count":8,"href":"https:\/\/hmvhelyivizsgakozpont.hu\/index.php\/wp-json\/wp\/v2\/pages\/3813\/revisions"}],"predecessor-version":[{"id":4611,"href":"https:\/\/hmvhelyivizsgakozpont.hu\/index.php\/wp-json\/wp\/v2\/pages\/3813\/revisions\/4611"}],"wp:attachment":[{"href":"https:\/\/hmvhelyivizsgakozpont.hu\/index.php\/wp-json\/wp\/v2\/media?parent=3813"}],"curies":[{"name":"wp","href":"https:\/\/api.w.org\/{rel}","templated":true}]}}